{"id":3637,"date":"2026-01-30T04:34:18","date_gmt":"2026-01-30T04:34:18","guid":{"rendered":"https:\/\/gite-senones.com\/?page_id=3637"},"modified":"2026-01-30T11:52:02","modified_gmt":"2026-01-30T11:52:02","slug":"politique-de-confidentialite","status":"publish","type":"page","link":"https:\/\/gite-senones.com\/en\/politique-de-confidentialite\/","title":{"rendered":"Politique de confidentialit\u00e9"},"content":{"rendered":"<h4 class=\"wp-block-heading\">1. Qui sommes-nous<\/h4>\n\n\n\n<p>L\u2019adresse de notre site web est :<br><strong><a href=\"http:\/\/gite-senones.com\/en\/\">http:\/\/gite-senones.com<\/a><\/strong><\/p>\n\n\n\n<hr class=\"wp-block-separator has-alpha-channel-opacity\"\/>\n\n\n\n<h4 class=\"wp-block-heading\">2. Commentaires<\/h4>\n\n\n\n<p>Lorsque vous laissez un commentaire sur notre site, les donn\u00e9es inscrites dans le formulaire de commentaire, votre adresse IP et l\u2019agent utilisateur de votre navigateur sont collect\u00e9s afin de nous aider \u00e0 la d\u00e9tection des commentaires ind\u00e9sirables.<\/p>\n\n\n\n<p>Une cha\u00eene anonymis\u00e9e (hash) cr\u00e9\u00e9e \u00e0 partir de votre adresse e-mail peut \u00eatre envoy\u00e9e au service <strong>Gravatar<\/strong> afin de v\u00e9rifier si vous utilisez ce service.<br>La politique de confidentialit\u00e9 de Gravatar est disponible ici :<br><a href=\"https:\/\/automattic.com\/privacy\/\">https:\/\/automattic.com\/privacy\/<\/a><\/p>\n\n\n\n<p>Apr\u00e8s validation de votre commentaire, votre photo de profil sera visible publiquement \u00e0 c\u00f4t\u00e9 de celui-ci.<\/p>\n\n\n\n<hr class=\"wp-block-separator has-alpha-channel-opacity\"\/>\n\n\n\n<h4 class=\"wp-block-heading\">3. M\u00e9dias<\/h4>\n\n\n\n<p>Si vous t\u00e9l\u00e9versez des images sur le site, nous vous recommandons d\u2019\u00e9viter d\u2019inclure des donn\u00e9es de localisation int\u00e9gr\u00e9es (EXIF GPS).<br>Les visiteurs du site peuvent t\u00e9l\u00e9charger et extraire des donn\u00e9es de localisation \u00e0 partir des images publi\u00e9es.<\/p>\n\n\n\n<hr class=\"wp-block-separator has-alpha-channel-opacity\"\/>\n\n\n\n<h4 class=\"wp-block-heading\">4. Cookies<\/h4>\n\n\n\n<h4 class=\"wp-block-heading\">Commentaires<\/h4>\n\n\n\n<p>Si vous laissez un commentaire, il vous sera propos\u00e9 d\u2019enregistrer votre nom, votre adresse e-mail et votre site web dans des cookies.<br>Ces cookies sont destin\u00e9s \u00e0 votre confort afin de ne pas avoir \u00e0 ressaisir ces informations lors d\u2019un prochain commentaire.<br>Dur\u00e9e de conservation : <strong>1 an<\/strong>.<\/p>\n\n\n\n<h4 class=\"wp-block-heading\">Connexion<\/h4>\n\n\n\n<p>Lors de votre visite sur la page de connexion, un cookie temporaire est cr\u00e9\u00e9 afin de v\u00e9rifier si votre navigateur accepte les cookies.<br>Ce cookie ne contient aucune donn\u00e9e personnelle et est supprim\u00e9 \u00e0 la fermeture du navigateur.<\/p>\n\n\n\n<p>Lorsque vous vous connectez, plusieurs cookies sont mis en place pour enregistrer vos informations de connexion et vos pr\u00e9f\u00e9rences d\u2019affichage :<\/p>\n\n\n\n<ul class=\"wp-block-list\">\n<li>Cookies de connexion : <strong>2 jours<\/strong><\/li>\n\n\n\n<li>Cookies d\u2019options d\u2019\u00e9cran : <strong>1 an<\/strong><\/li>\n\n\n\n<li>Option \u00ab Se souvenir de moi \u00bb : <strong>2 semaines<\/strong><\/li>\n<\/ul>\n\n\n\n<p>Lorsque vous vous d\u00e9connectez, les cookies de connexion sont supprim\u00e9s.<\/p>\n\n\n\n<h4 class=\"wp-block-heading\">Publication de contenu<\/h4>\n\n\n\n<p>Si vous modifiez ou publiez un article, un cookie suppl\u00e9mentaire est enregistr\u00e9 dans votre navigateur.<br>Il ne contient aucune donn\u00e9e personnelle et expire apr\u00e8s <strong>1 jour<\/strong>.<\/p>\n\n\n\n<hr class=\"wp-block-separator has-alpha-channel-opacity\"\/>\n\n\n\n<h4 class=\"wp-block-heading\">5. Contenu embarqu\u00e9 depuis d\u2019autres sites<\/h4>\n\n\n\n<p>Les articles de ce site peuvent inclure des contenus int\u00e9gr\u00e9s (vid\u00e9os, images, articles, etc.).<br>Le contenu int\u00e9gr\u00e9 depuis d\u2019autres sites se comporte de la m\u00eame mani\u00e8re que si vous visitiez directement ces sites.<\/p>\n\n\n\n<p>Ces sites web peuvent collecter des donn\u00e9es vous concernant, utiliser des cookies, int\u00e9grer des outils de suivi tiers et suivre vos interactions avec ces contenus int\u00e9gr\u00e9s, notamment si vous disposez d\u2019un compte connect\u00e9 sur leur site.<\/p>\n\n\n\n<hr class=\"wp-block-separator has-alpha-channel-opacity\"\/>\n\n\n\n<h4 class=\"wp-block-heading\">6. Avec qui nous partageons vos donn\u00e9es<\/h4>\n\n\n\n<p>Nous ne partageons pas vos donn\u00e9es personnelles avec des tiers, sauf dans les cas suivants :<\/p>\n\n\n\n<ul class=\"wp-block-list\">\n<li>D\u00e9tection automatique des commentaires ind\u00e9sirables<\/li>\n\n\n\n<li>Demande de r\u00e9initialisation de mot de passe (l\u2019adresse IP est incluse dans l\u2019e-mail envoy\u00e9)<\/li>\n<\/ul>\n\n\n\n<hr class=\"wp-block-separator has-alpha-channel-opacity\"\/>\n\n\n\n<h4 class=\"wp-block-heading\">7. Dur\u00e9e de conservation de vos donn\u00e9es<\/h4>\n\n\n\n<ul class=\"wp-block-list\">\n<li><strong>Commentaires<\/strong> : conserv\u00e9s ind\u00e9finiment avec leurs m\u00e9tadonn\u00e9es afin de reconna\u00eetre et valider automatiquement les commentaires suivants.<\/li>\n\n\n\n<li><strong>Comptes utilisateurs<\/strong> (le cas \u00e9ch\u00e9ant) : les donn\u00e9es personnelles indiqu\u00e9es dans le profil utilisateur sont conserv\u00e9es tant que le compte est actif.<\/li>\n<\/ul>\n\n\n\n<p>Les utilisateurs peuvent voir, modifier ou supprimer leurs informations personnelles \u00e0 tout moment (\u00e0 l\u2019exception du nom d\u2019utilisateur).<br>Les administrateurs du site peuvent \u00e9galement acc\u00e9der \u00e0 ces informations.<\/p>\n\n\n\n<hr class=\"wp-block-separator has-alpha-channel-opacity\"\/>\n\n\n\n<h4 class=\"wp-block-heading\">8. Vos droits sur vos donn\u00e9es (RGPD)<\/h4>\n\n\n\n<p>Conform\u00e9ment au R\u00e8glement G\u00e9n\u00e9ral sur la Protection des Donn\u00e9es (RGPD), vous disposez des droits suivants :<\/p>\n\n\n\n<ul class=\"wp-block-list\">\n<li>Droit d\u2019acc\u00e8s \u00e0 vos donn\u00e9es personnelles<\/li>\n\n\n\n<li>Droit de rectification<\/li>\n\n\n\n<li>Droit \u00e0 l\u2019effacement<\/li>\n\n\n\n<li>Droit \u00e0 la limitation du traitement<\/li>\n\n\n\n<li>Droit \u00e0 la portabilit\u00e9 des donn\u00e9es<\/li>\n<\/ul>\n\n\n\n<p>Vous pouvez demander :<\/p>\n\n\n\n<ul class=\"wp-block-list\">\n<li>Un fichier export\u00e9 des donn\u00e9es personnelles vous concernant<\/li>\n\n\n\n<li>La suppression de vos donn\u00e9es personnelles<\/li>\n<\/ul>\n\n\n\n<p>\ud83d\udc49 Ces droits ne s\u2019appliquent pas aux donn\u00e9es conserv\u00e9es \u00e0 des fins administratives, l\u00e9gales ou de s\u00e9curit\u00e9.<\/p>\n\n\n\n<hr class=\"wp-block-separator has-alpha-channel-opacity\"\/>\n\n\n\n<h4 class=\"wp-block-heading\">9. O\u00f9 vos donn\u00e9es sont envoy\u00e9es<\/h4>\n\n\n\n<p>Les commentaires des visiteurs peuvent \u00eatre analys\u00e9s par un service automatis\u00e9 de d\u00e9tection des commentaires ind\u00e9sirables.<\/p>\n\n\n\n<p><\/p>","protected":false},"excerpt":{"rendered":"<p>1. Qui sommes-nous L\u2019adresse de notre site web est :http:\/\/gite-senones.com 2. Commentaires Lorsque vous laissez un commentaire sur notre site, les donn\u00e9es inscrites dans le formulaire de commentaire, votre adresse IP et l\u2019agent utilisateur de votre navigateur sont collect\u00e9s afin de nous aider \u00e0 la d\u00e9tection des commentaires ind\u00e9sirables. Une cha\u00eene anonymis\u00e9e (hash) cr\u00e9\u00e9e \u00e0 [&hellip;]<\/p>\n","protected":false},"author":1,"featured_media":0,"parent":0,"menu_order":0,"comment_status":"closed","ping_status":"closed","template":"","meta":{"_uag_custom_page_level_css":"","site-sidebar-layout":"default","site-content-layout":"","ast-site-content-layout":"default","site-content-style":"default","site-sidebar-style":"default","ast-global-header-display":"","ast-banner-title-visibility":"","ast-main-header-display":"","ast-hfb-above-header-display":"","ast-hfb-below-header-display":"","ast-hfb-mobile-header-display":"","site-post-title":"","ast-breadcrumbs-content":"","ast-featured-img":"","footer-sml-layout":"","ast-disable-related-posts":"","theme-transparent-header-meta":"","adv-header-id-meta":"","stick-header-meta":"","header-above-stick-meta":"","header-main-stick-meta":"","header-below-stick-meta":"","astra-migrate-meta-layouts":"set","ast-page-background-enabled":"default","ast-page-background-meta":{"desktop":{"background-color":"","background-image":"","background-repeat":"repeat","background-position":"center center","background-size":"auto","background-attachment":"scroll","background-type":"","background-media":"","overlay-type":"","overlay-color":"","overlay-opacity":"","overlay-gradient":""},"tablet":{"background-color":"","background-image":"","background-repeat":"repeat","background-position":"center center","background-size":"auto","background-attachment":"scroll","background-type":"","background-media":"","overlay-type":"","overlay-color":"","overlay-opacity":"","overlay-gradient":""},"mobile":{"background-color":"","background-image":"","background-repeat":"repeat","background-position":"center center","background-size":"auto","background-attachment":"scroll","background-type":"","background-media":"","overlay-type":"","overlay-color":"","overlay-opacity":"","overlay-gradient":""}},"ast-content-background-meta":{"desktop":{"background-color":"var(--ast-global-color-4)","background-image":"","background-repeat":"repeat","background-position":"center center","background-size":"auto","background-attachment":"scroll","background-type":"","background-media":"","overlay-type":"","overlay-color":"","overlay-opacity":"","overlay-gradient":""},"tablet":{"background-color":"var(--ast-global-color-4)","background-image":"","background-repeat":"repeat","background-position":"center center","background-size":"auto","background-attachment":"scroll","background-type":"","background-media":"","overlay-type":"","overlay-color":"","overlay-opacity":"","overlay-gradient":""},"mobile":{"background-color":"var(--ast-global-color-4)","background-image":"","background-repeat":"repeat","background-position":"center center","background-size":"auto","background-attachment":"scroll","background-type":"","background-media":"","overlay-type":"","overlay-color":"","overlay-opacity":"","overlay-gradient":""}},"footnotes":""},"class_list":["post-3637","page","type-page","status-publish","hentry"],"aioseo_notices":[],"uagb_featured_image_src":{"full":false,"thumbnail":false,"medium":false,"medium_large":false,"large":false,"1536x1536":false,"2048x2048":false,"trp-custom-language-flag":false},"uagb_author_info":{"display_name":"christ-ballista@outlook.com","author_link":"https:\/\/gite-senones.com\/en\/author\/christ-ballistaoutlook-com\/"},"uagb_comment_info":0,"uagb_excerpt":"1. Qui sommes-nous L\u2019adresse de notre site web est :http:\/\/gite-senones.com 2. Commentaires Lorsque vous laissez un commentaire sur notre site, les donn\u00e9es inscrites dans le formulaire de commentaire, votre adresse IP et l\u2019agent utilisateur de votre navigateur sont collect\u00e9s afin de nous aider \u00e0 la d\u00e9tection des commentaires ind\u00e9sirables. Une cha\u00eene anonymis\u00e9e (hash) cr\u00e9\u00e9e \u00e0&hellip;","_links":{"self":[{"href":"https:\/\/gite-senones.com\/en\/wp-json\/wp\/v2\/pages\/3637","targetHints":{"allow":["GET"]}}],"collection":[{"href":"https:\/\/gite-senones.com\/en\/wp-json\/wp\/v2\/pages"}],"about":[{"href":"https:\/\/gite-senones.com\/en\/wp-json\/wp\/v2\/types\/page"}],"author":[{"embeddable":true,"href":"https:\/\/gite-senones.com\/en\/wp-json\/wp\/v2\/users\/1"}],"replies":[{"embeddable":true,"href":"https:\/\/gite-senones.com\/en\/wp-json\/wp\/v2\/comments?post=3637"}],"version-history":[{"count":3,"href":"https:\/\/gite-senones.com\/en\/wp-json\/wp\/v2\/pages\/3637\/revisions"}],"predecessor-version":[{"id":3677,"href":"https:\/\/gite-senones.com\/en\/wp-json\/wp\/v2\/pages\/3637\/revisions\/3677"}],"wp:attachment":[{"href":"https:\/\/gite-senones.com\/en\/wp-json\/wp\/v2\/media?parent=3637"}],"curies":[{"name":"wp","href":"https:\/\/api.w.org\/{rel}","templated":true}]}}