{"id":3641,"date":"2026-01-30T04:42:56","date_gmt":"2026-01-30T04:42:56","guid":{"rendered":"https:\/\/gite-senones.com\/?page_id=3641"},"modified":"2026-01-30T04:42:56","modified_gmt":"2026-01-30T04:42:56","slug":"politique-de-remboursement","status":"publish","type":"page","link":"https:\/\/gite-senones.com\/en\/politique-de-remboursement\/","title":{"rendered":"Politique de remboursement"},"content":{"rendered":"\n<ol class=\"wp-block-list\">\n<li><strong>Annulation par le client<\/strong>\n<ul class=\"wp-block-list\">\n<li><strong>Plus de 30 jours avant l\u2019arriv\u00e9e<\/strong> : remboursement complet du montant pay\u00e9, d\u00e9duction \u00e9ventuelle des frais de dossier ([\u00e0 pr\u00e9ciser]).<\/li>\n\n\n\n<li><strong>Entre 30 et 15 jours avant l\u2019arriv\u00e9e<\/strong> : remboursement de 50 % du montant total.<\/li>\n\n\n\n<li><strong>Moins de 15 jours avant l\u2019arriv\u00e9e<\/strong> : aucun remboursement possible.<\/li>\n<\/ul>\n<\/li>\n\n\n\n<li><strong>Annulation par le propri\u00e9taire<\/strong>\n<ul class=\"wp-block-list\">\n<li>En cas de force majeure (incendie, catastrophe naturelle, d\u00e9g\u00e2ts importants\u2026), le propri\u00e9taire remboursera int\u00e9gralement le montant pay\u00e9 ou proposera une date alternative.<\/li>\n<\/ul>\n<\/li>\n\n\n\n<li><strong>Arriv\u00e9e tardive ou d\u00e9part anticip\u00e9<\/strong>\n<ul class=\"wp-block-list\">\n<li>Aucun remboursement ne sera effectu\u00e9 pour une arriv\u00e9e tardive ou un d\u00e9part anticip\u00e9.<\/li>\n<\/ul>\n<\/li>\n\n\n\n<li><strong>D\u00e9p\u00f4t de garantie<\/strong>\n<ul class=\"wp-block-list\">\n<li>Un d\u00e9p\u00f4t de garantie pourra \u00eatre demand\u00e9 \u00e0 l\u2019arriv\u00e9e et sera rembours\u00e9 apr\u00e8s v\u00e9rification du g\u00eete lors du d\u00e9part, sauf d\u00e9gradations constat\u00e9es.<\/li>\n<\/ul>\n<\/li>\n\n\n\n<li><strong>Contact<\/strong>\n<ul class=\"wp-block-list\">\n<li>Pour toute annulation ou question, contactez nous \u00e0 : <strong>chezDD@outlook.com<\/strong><\/li>\n<\/ul>\n<\/li>\n<\/ol>\n\n\n\n<p><\/p>\n","protected":false},"excerpt":{"rendered":"","protected":false},"author":1,"featured_media":0,"parent":0,"menu_order":0,"comment_status":"closed","ping_status":"closed","template":"","meta":{"_uag_custom_page_level_css":"","site-sidebar-layout":"default","site-content-layout":"","ast-site-content-layout":"default","site-content-style":"default","site-sidebar-style":"default","ast-global-header-display":"","ast-banner-title-visibility":"","ast-main-header-display":"","ast-hfb-above-header-display":"","ast-hfb-below-header-display":"","ast-hfb-mobile-header-display":"","site-post-title":"","ast-breadcrumbs-content":"","ast-featured-img":"","footer-sml-layout":"","ast-disable-related-posts":"","theme-transparent-header-meta":"","adv-header-id-meta":"","stick-header-meta":"","header-above-stick-meta":"","header-main-stick-meta":"","header-below-stick-meta":"","astra-migrate-meta-layouts":"set","ast-page-background-enabled":"default","ast-page-background-meta":{"desktop":{"background-color":"","background-image":"","background-repeat":"repeat","background-position":"center center","background-size":"auto","background-attachment":"scroll","background-type":"","background-media":"","overlay-type":"","overlay-color":"","overlay-opacity":"","overlay-gradient":""},"tablet":{"background-color":"","background-image":"","background-repeat":"repeat","background-position":"center center","background-size":"auto","background-attachment":"scroll","background-type":"","background-media":"","overlay-type":"","overlay-color":"","overlay-opacity":"","overlay-gradient":""},"mobile":{"background-color":"","background-image":"","background-repeat":"repeat","background-position":"center center","background-size":"auto","background-attachment":"scroll","background-type":"","background-media":"","overlay-type":"","overlay-color":"","overlay-opacity":"","overlay-gradient":""}},"ast-content-background-meta":{"desktop":{"background-color":"var(--ast-global-color-4)","background-image":"","background-repeat":"repeat","background-position":"center center","background-size":"auto","background-attachment":"scroll","background-type":"","background-media":"","overlay-type":"","overlay-color":"","overlay-opacity":"","overlay-gradient":""},"tablet":{"background-color":"var(--ast-global-color-4)","background-image":"","background-repeat":"repeat","background-position":"center center","background-size":"auto","background-attachment":"scroll","background-type":"","background-media":"","overlay-type":"","overlay-color":"","overlay-opacity":"","overlay-gradient":""},"mobile":{"background-color":"var(--ast-global-color-4)","background-image":"","background-repeat":"repeat","background-position":"center center","background-size":"auto","background-attachment":"scroll","background-type":"","background-media":"","overlay-type":"","overlay-color":"","overlay-opacity":"","overlay-gradient":""}},"footnotes":""},"class_list":["post-3641","page","type-page","status-publish","hentry"],"aioseo_notices":[],"uagb_featured_image_src":{"full":false,"thumbnail":false,"medium":false,"medium_large":false,"large":false,"1536x1536":false,"2048x2048":false,"trp-custom-language-flag":false},"uagb_author_info":{"display_name":"christ-ballista@outlook.com","author_link":"https:\/\/gite-senones.com\/en\/author\/christ-ballistaoutlook-com\/"},"uagb_comment_info":0,"uagb_excerpt":null,"_links":{"self":[{"href":"https:\/\/gite-senones.com\/en\/wp-json\/wp\/v2\/pages\/3641","targetHints":{"allow":["GET"]}}],"collection":[{"href":"https:\/\/gite-senones.com\/en\/wp-json\/wp\/v2\/pages"}],"about":[{"href":"https:\/\/gite-senones.com\/en\/wp-json\/wp\/v2\/types\/page"}],"author":[{"embeddable":true,"href":"https:\/\/gite-senones.com\/en\/wp-json\/wp\/v2\/users\/1"}],"replies":[{"embeddable":true,"href":"https:\/\/gite-senones.com\/en\/wp-json\/wp\/v2\/comments?post=3641"}],"version-history":[{"count":1,"href":"https:\/\/gite-senones.com\/en\/wp-json\/wp\/v2\/pages\/3641\/revisions"}],"predecessor-version":[{"id":3642,"href":"https:\/\/gite-senones.com\/en\/wp-json\/wp\/v2\/pages\/3641\/revisions\/3642"}],"wp:attachment":[{"href":"https:\/\/gite-senones.com\/en\/wp-json\/wp\/v2\/media?parent=3641"}],"curies":[{"name":"wp","href":"https:\/\/api.w.org\/{rel}","templated":true}]}}