{"id":3648,"date":"2026-01-30T04:56:41","date_gmt":"2026-01-30T04:56:41","guid":{"rendered":"https:\/\/gite-senones.com\/?page_id=3648"},"modified":"2026-01-30T04:56:42","modified_gmt":"2026-01-30T04:56:42","slug":"declaration-daccessibilite","status":"publish","type":"page","link":"https:\/\/gite-senones.com\/en\/declaration-daccessibilite\/","title":{"rendered":"D\u00e9claration d\u2019accessibilit\u00e9"},"content":{"rendered":"<h4 class=\"wp-block-heading\">Le propri\u00e9taire du site <strong>\u00ab\u00a0gite-senones.com\u00a0\u00bb<\/strong> s\u2019engage \u00e0 rendre son site internet accessible, conform\u00e9ment \u00e0 l\u2019article 47 de la loi n\u00b02005-102 du 11 f\u00e9vrier 2005.<\/h4>\n\n\n\n<h3 class=\"wp-block-heading\">\u00c9tat de conformit\u00e9<\/h3>\n\n\n\n<p>Le site <strong>\u00ab\u00a0gite-senones.com\u00a0\u00bb<\/strong> est :<\/p>\n\n\n\n<ul class=\"wp-block-list\">\n<li>\u2610 conforme<\/li>\n\n\n\n<li>\u2611 partiellement conforme<\/li>\n\n\n\n<li>\u2610 non conforme<\/li>\n<\/ul>\n\n\n\n<p>au <strong>R\u00e9f\u00e9rentiel G\u00e9n\u00e9ral d\u2019Am\u00e9lioration de l\u2019Accessibilit\u00e9 (RGAA)<\/strong>.<\/p>\n\n\n\n<p>Cette d\u00e9claration d\u2019accessibilit\u00e9 s\u2019applique au site <strong>gite-senones.com<\/strong>.<\/p>\n\n\n\n<h3 class=\"wp-block-heading\">R\u00e9sultats des tests<\/h3>\n\n\n\n<h4 class=\"wp-block-heading\">L\u2019accessibilit\u00e9 du site a \u00e9t\u00e9 \u00e9valu\u00e9e par :<\/h4>\n\n\n\n<ul class=\"wp-block-list\">\n<li>\u2611 auto-\u00e9valuation<\/li>\n\n\n\n<li>\u2610 audit externe<\/li>\n<\/ul>\n\n\n\n<p>Les tests ont r\u00e9v\u00e9l\u00e9 que certaines fonctionnalit\u00e9s ou contenus peuvent ne pas \u00eatre totalement accessibles, notamment :<\/p>\n\n\n\n<ul class=\"wp-block-list\">\n<li>contrastes de couleurs ;<\/li>\n\n\n\n<li>navigation au clavier ;<\/li>\n\n\n\n<li>alternatives textuelles pour certaines images.<\/li>\n<\/ul>\n\n\n\n<h3 class=\"wp-block-heading\">Contenus non accessibles<\/h3>\n\n\n\n<p>Malgr\u00e9 les efforts entrepris, certains contenus peuvent rester non accessibles pour les raisons suivantes :<\/p>\n\n\n\n<ul class=\"wp-block-list\">\n<li>contraintes techniques ;<\/li>\n\n\n\n<li>contenus tiers int\u00e9gr\u00e9s (cartes, modules de r\u00e9servation, plateformes externes).<\/li>\n<\/ul>\n\n\n\n<h3 class=\"wp-block-heading\">Am\u00e9lioration continue<\/h3>\n\n\n\n<p>Le propri\u00e9taire du site s\u2019engage \u00e0 am\u00e9liorer progressivement l\u2019accessibilit\u00e9 du site afin de faciliter l\u2019acc\u00e8s \u00e0 ses contenus pour tous les utilisateurs, y compris les personnes en situation de handicap.<\/p>\n\n\n\n<h3 class=\"wp-block-heading\">Contact<\/h3>\n\n\n\n<p>Si vous constatez un d\u00e9faut d\u2019accessibilit\u00e9 vous emp\u00eachant d\u2019acc\u00e9der \u00e0 un contenu ou \u00e0 un service, vous pouvez contacter le responsable du site :<\/p>\n\n\n\n<p>\ud83d\udce7 <strong>Email<\/strong> : chezDD@outlook.com<\/p>\n\n\n\n<h3 class=\"wp-block-heading\">Voies de recours<\/h3>\n\n\n\n<p>Si vous n\u2019obtenez pas de r\u00e9ponse satisfaisante, vous pouvez saisir le <strong>D\u00e9fenseur des droits<\/strong> :<\/p>\n\n\n\n<p>via le site : <a href=\"http:\/\/www.defenseurdesdroits.fr\">www.defenseurdesdroits.fr<\/a><\/p>\n\n\n\n<ul class=\"wp-block-list\">\n<li>ou par courrier.<\/li>\n<\/ul>\n\n\n\n<p><strong>Date de mise \u00e0 jour de la d\u00e9claration : le 01 f\u00e9vrier 2026<\/strong><\/p>\n\n\n\n<p><\/p>","protected":false},"excerpt":{"rendered":"<p>Le propri\u00e9taire du site \u00ab\u00a0gite-senones.com\u00a0\u00bb s\u2019engage \u00e0 rendre son site internet accessible, conform\u00e9ment \u00e0 l\u2019article 47 de la loi n\u00b02005-102 du 11 f\u00e9vrier 2005. \u00c9tat de conformit\u00e9 Le site \u00ab\u00a0gite-senones.com\u00a0\u00bb est : au R\u00e9f\u00e9rentiel G\u00e9n\u00e9ral d\u2019Am\u00e9lioration de l\u2019Accessibilit\u00e9 (RGAA). Cette d\u00e9claration d\u2019accessibilit\u00e9 s\u2019applique au site gite-senones.com. R\u00e9sultats des tests L\u2019accessibilit\u00e9 du site a \u00e9t\u00e9 \u00e9valu\u00e9e [&hellip;]<\/p>\n","protected":false},"author":1,"featured_media":0,"parent":0,"menu_order":0,"comment_status":"closed","ping_status":"closed","template":"","meta":{"_uag_custom_page_level_css":"","site-sidebar-layout":"default","site-content-layout":"","ast-site-content-layout":"default","site-content-style":"default","site-sidebar-style":"default","ast-global-header-display":"","ast-banner-title-visibility":"","ast-main-header-display":"","ast-hfb-above-header-display":"","ast-hfb-below-header-display":"","ast-hfb-mobile-header-display":"","site-post-title":"","ast-breadcrumbs-content":"","ast-featured-img":"","footer-sml-layout":"","ast-disable-related-posts":"","theme-transparent-header-meta":"","adv-header-id-meta":"","stick-header-meta":"","header-above-stick-meta":"","header-main-stick-meta":"","header-below-stick-meta":"","astra-migrate-meta-layouts":"set","ast-page-background-enabled":"default","ast-page-background-meta":{"desktop":{"background-color":"","background-image":"","background-repeat":"repeat","background-position":"center center","background-size":"auto","background-attachment":"scroll","background-type":"","background-media":"","overlay-type":"","overlay-color":"","overlay-opacity":"","overlay-gradient":""},"tablet":{"background-color":"","background-image":"","background-repeat":"repeat","background-position":"center center","background-size":"auto","background-attachment":"scroll","background-type":"","background-media":"","overlay-type":"","overlay-color":"","overlay-opacity":"","overlay-gradient":""},"mobile":{"background-color":"","background-image":"","background-repeat":"repeat","background-position":"center center","background-size":"auto","background-attachment":"scroll","background-type":"","background-media":"","overlay-type":"","overlay-color":"","overlay-opacity":"","overlay-gradient":""}},"ast-content-background-meta":{"desktop":{"background-color":"var(--ast-global-color-4)","background-image":"","background-repeat":"repeat","background-position":"center center","background-size":"auto","background-attachment":"scroll","background-type":"","background-media":"","overlay-type":"","overlay-color":"","overlay-opacity":"","overlay-gradient":""},"tablet":{"background-color":"var(--ast-global-color-4)","background-image":"","background-repeat":"repeat","background-position":"center center","background-size":"auto","background-attachment":"scroll","background-type":"","background-media":"","overlay-type":"","overlay-color":"","overlay-opacity":"","overlay-gradient":""},"mobile":{"background-color":"var(--ast-global-color-4)","background-image":"","background-repeat":"repeat","background-position":"center center","background-size":"auto","background-attachment":"scroll","background-type":"","background-media":"","overlay-type":"","overlay-color":"","overlay-opacity":"","overlay-gradient":""}},"footnotes":""},"class_list":["post-3648","page","type-page","status-publish","hentry"],"aioseo_notices":[],"uagb_featured_image_src":{"full":false,"thumbnail":false,"medium":false,"medium_large":false,"large":false,"1536x1536":false,"2048x2048":false,"trp-custom-language-flag":false},"uagb_author_info":{"display_name":"christ-ballista@outlook.com","author_link":"https:\/\/gite-senones.com\/en\/author\/christ-ballistaoutlook-com\/"},"uagb_comment_info":0,"uagb_excerpt":"Le propri\u00e9taire du site \u00ab\u00a0gite-senones.com\u00a0\u00bb s\u2019engage \u00e0 rendre son site internet accessible, conform\u00e9ment \u00e0 l\u2019article 47 de la loi n\u00b02005-102 du 11 f\u00e9vrier 2005. \u00c9tat de conformit\u00e9 Le site \u00ab\u00a0gite-senones.com\u00a0\u00bb est : au R\u00e9f\u00e9rentiel G\u00e9n\u00e9ral d\u2019Am\u00e9lioration de l\u2019Accessibilit\u00e9 (RGAA). Cette d\u00e9claration d\u2019accessibilit\u00e9 s\u2019applique au site gite-senones.com. R\u00e9sultats des tests L\u2019accessibilit\u00e9 du site a \u00e9t\u00e9 \u00e9valu\u00e9e&hellip;","_links":{"self":[{"href":"https:\/\/gite-senones.com\/en\/wp-json\/wp\/v2\/pages\/3648","targetHints":{"allow":["GET"]}}],"collection":[{"href":"https:\/\/gite-senones.com\/en\/wp-json\/wp\/v2\/pages"}],"about":[{"href":"https:\/\/gite-senones.com\/en\/wp-json\/wp\/v2\/types\/page"}],"author":[{"embeddable":true,"href":"https:\/\/gite-senones.com\/en\/wp-json\/wp\/v2\/users\/1"}],"replies":[{"embeddable":true,"href":"https:\/\/gite-senones.com\/en\/wp-json\/wp\/v2\/comments?post=3648"}],"version-history":[{"count":1,"href":"https:\/\/gite-senones.com\/en\/wp-json\/wp\/v2\/pages\/3648\/revisions"}],"predecessor-version":[{"id":3649,"href":"https:\/\/gite-senones.com\/en\/wp-json\/wp\/v2\/pages\/3648\/revisions\/3649"}],"wp:attachment":[{"href":"https:\/\/gite-senones.com\/en\/wp-json\/wp\/v2\/media?parent=3648"}],"curies":[{"name":"wp","href":"https:\/\/api.w.org\/{rel}","templated":true}]}}