{"id":3697,"date":"2026-01-30T18:11:59","date_gmt":"2026-01-30T18:11:59","guid":{"rendered":"https:\/\/gite-senones.com\/?page_id=3697"},"modified":"2026-02-23T09:51:42","modified_gmt":"2026-02-23T09:51:42","slug":"activites-senones","status":"publish","type":"page","link":"https:\/\/gite-senones.com\/en\/activites-senones\/","title":{"rendered":"Our activities"},"content":{"rendered":"<figure class=\"wp-block-image size-large\"><img loading=\"lazy\" decoding=\"async\" width=\"1024\" height=\"183\" src=\"https:\/\/gite-senones.com\/wp-content\/uploads\/2026\/01\/image-1024x183.png\" alt=\"\" class=\"wp-image-3698\" srcset=\"https:\/\/gite-senones.com\/wp-content\/uploads\/2026\/01\/image-1024x183.png 1024w, https:\/\/gite-senones.com\/wp-content\/uploads\/2026\/01\/image-300x54.png 300w, https:\/\/gite-senones.com\/wp-content\/uploads\/2026\/01\/image-768x137.png 768w, https:\/\/gite-senones.com\/wp-content\/uploads\/2026\/01\/image.png 1242w\" sizes=\"auto, (max-width: 1024px) 100vw, 1024px\" \/><\/figure>\n\n\n\n<h4 class=\"wp-block-heading\"><strong>S\u00e9jour p\u00eache<\/strong><\/h4>\n\n\n\n<div class=\"wp-block-columns is-layout-flex wp-container-core-columns-is-layout-28f84493 wp-block-columns-is-layout-flex\">\n<div class=\"wp-block-column is-layout-flow wp-block-column-is-layout-flow\" style=\"flex-basis:33.33%\">\n<div class=\"wp-block-uagb-image uagb-block-84473d7c wp-block-uagb-image--layout-default wp-block-uagb-image--effect-static wp-block-uagb-image--align-none\"><figure class=\"wp-block-uagb-image__figure\"><img decoding=\"async\" srcset=\"https:\/\/gite-senones.com\/wp-content\/uploads\/2026\/01\/20180426_094950-576x1024.jpg ,https:\/\/gite-senones.com\/wp-content\/uploads\/2026\/01\/20180426_094950-scaled.jpg 780w, https:\/\/gite-senones.com\/wp-content\/uploads\/2026\/01\/20180426_094950-scaled.jpg 360w\" sizes=\"auto, (max-width: 480px) 150px\" src=\"https:\/\/gite-senones.com\/wp-content\/uploads\/2026\/01\/20180426_094950-576x1024.jpg\" alt=\"\" class=\"uag-image-3701\" width=\"1836\" height=\"3264\" title=\"20180426_094950\" loading=\"lazy\" role=\"img\"\/><\/figure><\/div>\n<\/div>\n\n\n\n<div class=\"wp-block-column is-layout-flow wp-block-column-is-layout-flow\" style=\"flex-basis:66.66%\">\n<p>Un s\u00e9jour p\u00eache, c\u2019est une parenth\u00e8se hors du temps, rythm\u00e9e par la nature et la patience. D\u00e8s l\u2019aube, le calme de l\u2019eau enveloppe les lieux : un lac immobile, une rivi\u00e8re qui murmure ou la mer encore endormie. Canne \u00e0 la main, on s\u2019installe, attentif au moindre fr\u00e9missement, pendant que le soleil se l\u00e8ve lentement.<\/p>\n\n\n\n<p>Les journ\u00e9es s\u2019\u00e9coulent entre l\u2019attente, l\u2019excitation d\u2019une touche, et le plaisir simple d\u2019\u00eatre dehors. On apprend \u00e0 lire l\u2019eau, \u00e0 observer les oiseaux, \u00e0 sentir le vent. M\u00eame quand le poisson se fait discret, le s\u00e9jour reste riche : moments de partage, repas conviviaux, histoires de prises \u201cpresque l\u00e9gendaires\u201d racont\u00e9es le soir.<\/p>\n\n\n\n<p>Un s\u00e9jour p\u00eache, c\u2019est autant une aventure qu\u2019un moment de d\u00e9tente : on y vient pour les poissons, on en repart surtout avec des souvenirs, l\u2019esprit apais\u00e9 et l\u2019envie de revenir.<\/p>\n\n\n\n<div class=\"wp-block-buttons is-content-justification-center is-layout-flex wp-container-core-buttons-is-layout-a89b3969 wp-block-buttons-is-layout-flex\">\n<div class=\"wp-block-button is-style-fill\"><a class=\"wp-block-button__link wp-element-button\" href=\"https:\/\/gite-senones.com\/en\/sejour-peche\/\">S\u00e9jour p\u00eache<\/a><\/div>\n<\/div>\n<\/div>\n<\/div>\n\n\n\n<h4 class=\"wp-block-heading\"><strong>S\u00e9jour Visite Senones<\/strong><\/h4>\n\n\n\n<p>Un s\u00e9jour visite \u00e0 Senones est une immersion au c\u0153ur de l\u2019histoire et de la nature vosgienne. Ancienne cit\u00e9 abbatiale, Senones s\u00e9duit d\u00e8s l\u2019arriv\u00e9e par son atmosph\u00e8re paisible et son riche patrimoine. La majestueuse abbaye de Senones, autrefois surnomm\u00e9e \u00ab l\u2019Ath\u00e8nes des Vosges \u00bb, t\u00e9moigne d\u2019un pass\u00e9 intellectuel et spirituel remarquable.<\/p>\n\n\n\n<p>Au fil des promenades, on d\u00e9couvre les ruelles tranquilles, les b\u00e2timents charg\u00e9s d\u2019histoire et les paysages verdoyants qui entourent la ville. Les for\u00eats et sentiers alentour invitent \u00e0 la balade et \u00e0 la d\u00e9tente, offrant de superbes points de vue sur la vall\u00e9e du Rabodeau.<\/p>\n\n\n\n<p>Un s\u00e9jour \u00e0 Senones, c\u2019est aussi prendre le temps de savourer l\u2019authenticit\u00e9 locale, d\u2019\u00e9changer avec les habitants et de profiter d\u2019un cadre naturel ressour\u00e7ant. Entre culture, nature et s\u00e9r\u00e9nit\u00e9, la visite de Senones laisse une impression douce et durable.<\/p>\n\n\n\n<h5 class=\"wp-block-heading\"><strong>\u2728 Senones, cit\u00e9 princi\u00e8re au c\u0153ur des Vosges<\/strong><\/h5>\n\n\n\n<p>Nich\u00e9e dans la vall\u00e9e du Rabodeau, <strong>Senones<\/strong> s\u00e9duit par son riche patrimoine et son cadre naturel pr\u00e9serv\u00e9. Ancienne capitale de la <strong>principaut\u00e9 de Salm-Salm<\/strong>, la ville conserve les traces d\u2019un pass\u00e9 prestigieux m\u00ealant pouvoir religieux et influence princi\u00e8re.<\/p>\n\n\n\n<p>Son joyau est la <strong>grande abbaye b\u00e9n\u00e9dictine<\/strong>, fond\u00e9e au VII\u1d49 si\u00e8cle, dont les b\u00e2timents monumentaux rappellent l\u2019importance intellectuelle et spirituelle de Senones. \u00c0 quelques pas, l\u2019<strong>\u00e9glise Saint-Gondelbert<\/strong>, les anciennes r\u00e9sidences princi\u00e8res et le <strong>centre historique<\/strong> invitent \u00e0 la d\u00e9couverte au fil des rues.<\/p>\n\n\n\n<p>La ville t\u00e9moigne \u00e9galement d\u2019une riche diversit\u00e9 culturelle avec son <strong>ancienne synagogue<\/strong> et son <strong>temple protestant<\/strong>, ainsi que d\u2019un pass\u00e9 industriel li\u00e9 au textile, encore visible dans le paysage urbain.<\/p>\n\n\n\n<p>Entour\u00e9e de for\u00eats et de sentiers, Senones offre aussi un cadre id\u00e9al pour la promenade et la randonn\u00e9e. Class\u00e9e <strong>Petite Cit\u00e9 de Caract\u00e8re\u00ae<\/strong>, elle propose au visiteur une escale authentique entre patrimoine, culture et nature au c\u0153ur des Vosges.<\/p>\n\n\n\n<div class=\"wp-block-buttons is-content-justification-center is-layout-flex wp-container-core-buttons-is-layout-a89b3969 wp-block-buttons-is-layout-flex\">\n<div class=\"wp-block-button is-style-fill\"><a class=\"wp-block-button__link wp-element-button\" href=\"https:\/\/gite-senones.com\/en\/sejour-visite-senones\/\">S\u00e9jour  visite Senones<\/a><\/div>\n<\/div>\n\n\n\n<h4 class=\"wp-block-heading\"><strong>S\u00e9jour apiculture<\/strong><\/h4>\n\n\n\n<p>Un s\u00e9jour apiculture est une exp\u00e9rience \u00e0 la fois immersive et enrichissante, au plus pr\u00e8s de la nature. D\u00e8s l\u2019arriv\u00e9e, on d\u00e9couvre le monde fascinant des abeilles, leur organisation, leur r\u00f4le essentiel dans la biodiversit\u00e9 et le travail minutieux de l\u2019apiculteur.<\/p>\n\n\n\n<p>Au fil des journ\u00e9es, on apprend \u00e0 observer les ruches, \u00e0 manipuler les cadres avec pr\u00e9caution, \u00e0 reconna\u00eetre la reine et \u00e0 comprendre le cycle de vie des abeilles. \u00c9quip\u00e9 d\u2019une combinaison, on participe aux gestes du quotidien : entretien des ruchers, r\u00e9colte du miel, extraction et d\u00e9gustation des diff\u00e9rents produits de la ruche.<\/p>\n\n\n\n<p>Mais un s\u00e9jour apiculture, c\u2019est aussi un moment de calme et de reconnexion \u00e0 la nature. Le bourdonnement des abeilles, les paysages fleuris et le rythme des saisons offrent une parenth\u00e8se apaisante. On repart avec de nouvelles connaissances, un regard diff\u00e9rent sur l\u2019environnement et, souvent, le doux souvenir du miel fra\u00eechement r\u00e9colt\u00e9.<\/p>\n\n\n\n<div class=\"wp-block-buttons is-content-justification-center is-layout-flex wp-container-core-buttons-is-layout-a89b3969 wp-block-buttons-is-layout-flex\">\n<div class=\"wp-block-button is-style-fill\"><a class=\"wp-block-button__link wp-element-button\" href=\"https:\/\/gite-senones.com\/en\/sejour-apiculture\/\">S\u00e9jour apiculture<\/a><\/div>\n<\/div>\n\n\n\n<p><\/p>","protected":false},"excerpt":{"rendered":"<p>S\u00e9jour p\u00eache Un s\u00e9jour p\u00eache, c\u2019est une parenth\u00e8se hors du temps, rythm\u00e9e par la nature et la patience. D\u00e8s l\u2019aube, le calme de l\u2019eau enveloppe les lieux : un lac immobile, une rivi\u00e8re qui murmure ou la mer encore endormie. Canne \u00e0 la main, on s\u2019installe, attentif au moindre fr\u00e9missement, pendant que le soleil se [&hellip;]<\/p>\n","protected":false},"author":1,"featured_media":0,"parent":0,"menu_order":0,"comment_status":"closed","ping_status":"closed","template":"","meta":{"_uag_custom_page_level_css":"","site-sidebar-layout":"default","site-content-layout":"","ast-site-content-layout":"default","site-content-style":"default","site-sidebar-style":"default","ast-global-header-display":"","ast-banner-title-visibility":"","ast-main-header-display":"","ast-hfb-above-header-display":"","ast-hfb-below-header-display":"","ast-hfb-mobile-header-display":"","site-post-title":"","ast-breadcrumbs-content":"","ast-featured-img":"","footer-sml-layout":"","ast-disable-related-posts":"","theme-transparent-header-meta":"","adv-header-id-meta":"","stick-header-meta":"","header-above-stick-meta":"","header-main-stick-meta":"","header-below-stick-meta":"","astra-migrate-meta-layouts":"set","ast-page-background-enabled":"default","ast-page-background-meta":{"desktop":{"background-color":"","background-image":"","background-repeat":"repeat","background-position":"center center","background-size":"auto","background-attachment":"scroll","background-type":"","background-media":"","overlay-type":"","overlay-color":"","overlay-opacity":"","overlay-gradient":""},"tablet":{"background-color":"","background-image":"","background-repeat":"repeat","background-position":"center center","background-size":"auto","background-attachment":"scroll","background-type":"","background-media":"","overlay-type":"","overlay-color":"","overlay-opacity":"","overlay-gradient":""},"mobile":{"background-color":"","background-image":"","background-repeat":"repeat","background-position":"center center","background-size":"auto","background-attachment":"scroll","background-type":"","background-media":"","overlay-type":"","overlay-color":"","overlay-opacity":"","overlay-gradient":""}},"ast-content-background-meta":{"desktop":{"background-color":"var(--ast-global-color-4)","background-image":"","background-repeat":"repeat","background-position":"center center","background-size":"auto","background-attachment":"scroll","background-type":"","background-media":"","overlay-type":"","overlay-color":"","overlay-opacity":"","overlay-gradient":""},"tablet":{"background-color":"var(--ast-global-color-4)","background-image":"","background-repeat":"repeat","background-position":"center center","background-size":"auto","background-attachment":"scroll","background-type":"","background-media":"","overlay-type":"","overlay-color":"","overlay-opacity":"","overlay-gradient":""},"mobile":{"background-color":"var(--ast-global-color-4)","background-image":"","background-repeat":"repeat","background-position":"center center","background-size":"auto","background-attachment":"scroll","background-type":"","background-media":"","overlay-type":"","overlay-color":"","overlay-opacity":"","overlay-gradient":""}},"footnotes":""},"class_list":["post-3697","page","type-page","status-publish","hentry"],"aioseo_notices":[],"uagb_featured_image_src":{"full":false,"thumbnail":false,"medium":false,"medium_large":false,"large":false,"1536x1536":false,"2048x2048":false,"trp-custom-language-flag":false},"uagb_author_info":{"display_name":"christ-ballista@outlook.com","author_link":"https:\/\/gite-senones.com\/en\/author\/christ-ballistaoutlook-com\/"},"uagb_comment_info":0,"uagb_excerpt":"S\u00e9jour p\u00eache Un s\u00e9jour p\u00eache, c\u2019est une parenth\u00e8se hors du temps, rythm\u00e9e par la nature et la patience. D\u00e8s l\u2019aube, le calme de l\u2019eau enveloppe les lieux : un lac immobile, une rivi\u00e8re qui murmure ou la mer encore endormie. Canne \u00e0 la main, on s\u2019installe, attentif au moindre fr\u00e9missement, pendant que le soleil se&hellip;","_links":{"self":[{"href":"https:\/\/gite-senones.com\/en\/wp-json\/wp\/v2\/pages\/3697","targetHints":{"allow":["GET"]}}],"collection":[{"href":"https:\/\/gite-senones.com\/en\/wp-json\/wp\/v2\/pages"}],"about":[{"href":"https:\/\/gite-senones.com\/en\/wp-json\/wp\/v2\/types\/page"}],"author":[{"embeddable":true,"href":"https:\/\/gite-senones.com\/en\/wp-json\/wp\/v2\/users\/1"}],"replies":[{"embeddable":true,"href":"https:\/\/gite-senones.com\/en\/wp-json\/wp\/v2\/comments?post=3697"}],"version-history":[{"count":17,"href":"https:\/\/gite-senones.com\/en\/wp-json\/wp\/v2\/pages\/3697\/revisions"}],"predecessor-version":[{"id":3879,"href":"https:\/\/gite-senones.com\/en\/wp-json\/wp\/v2\/pages\/3697\/revisions\/3879"}],"wp:attachment":[{"href":"https:\/\/gite-senones.com\/en\/wp-json\/wp\/v2\/media?parent=3697"}],"curies":[{"name":"wp","href":"https:\/\/api.w.org\/{rel}","templated":true}]}}