{"id":3737,"date":"2026-02-04T11:35:23","date_gmt":"2026-02-04T11:35:23","guid":{"rendered":"https:\/\/gite-senones.com\/?page_id=3737"},"modified":"2026-04-15T09:52:07","modified_gmt":"2026-04-15T09:52:07","slug":"gites-senones-88","status":"publish","type":"page","link":"https:\/\/gite-senones.com\/en\/gites-senones-88\/","title":{"rendered":"2 Gites a senones, 4 \u00e0 12 couchages, dans les vosges"},"content":{"rendered":"<h4 class=\"wp-block-heading\"><strong>Description des lieux<\/strong><\/h4>\n\n\n\n<p>2 maisons individuelles \u00e0 <a href=\"https:\/\/www.vosges-portes-alsace.fr\/fiches\/940006552-office-de-tourisme-de-senones\/\" target=\"_blank\" rel=\"noopener\" title=\"\">Senones<\/a>  de 2 chambres chacune avec lit double, \u00e9quip\u00e9es d\u2019une cuisine, salle de bain, salon\/salle \u00e0 manger<\/p>\n\n\n\n<p>Shared outdoor space: swimming pool, orchard, and garden.<\/p>\n\n\n\n<p>Private terrace with no overlooking neighbors, including a dining area, barbecue\/flammekueche oven, and garden furniture.<\/p>\n\n\n\n<p>Additional sleeping accommodation available with a sofa bed.<\/p>\n\n\n\n<div class=\"wp-block-uagb-container uagb-block-6449ee4e alignfull uagb-is-root-container\"><div class=\"uagb-container-inner-blocks-wrap\">\n<div class=\"wp-block-uagb-container uagb-block-1bad2a36\">\n<p class=\"has-text-align-center\">Marysa Cottage<\/p>\n<\/div>\n\n\n\n<div class=\"wp-block-uagb-container uagb-block-4afbd9c3\">\n<p class=\"has-text-align-center\">Veronique Cottage<\/p>\n<\/div>\n\n\n\n<div class=\"wp-block-uagb-container uagb-block-da0ed1af\">\n<p class=\"has-text-align-center\">Shared<\/p>\n<\/div>\n<\/div><\/div>\n\n\n\n<div class=\"wp-block-buttons is-content-justification-center is-layout-flex wp-container-core-buttons-is-layout-a89b3969 wp-block-buttons-is-layout-flex\">\n<div class=\"wp-block-button is-style-fill\"><a class=\"wp-block-button__link wp-element-button\" href=\"https:\/\/gite-senones.com\/en\/maison-marysa\/\">Marysa Cottage<\/a><\/div>\n\n\n\n<div class=\"wp-block-button is-style-fill\"><a class=\"wp-block-button__link wp-element-button\" href=\"https:\/\/gite-senones.com\/en\/maison-veronique\/\">Veronique Cottage<\/a><\/div>\n\n\n\n<div class=\"wp-block-button is-style-fill\"><a class=\"wp-block-button__link wp-element-button\" href=\"https:\/\/gite-senones.com\/en\/commun\/\">Shared<\/a><\/div>\n\n\n\n<div class=\"wp-block-button is-style-fill\"><a class=\"wp-block-button__link wp-element-button\">Booking<\/a><\/div>\n<\/div>\n\n\n\n<p>proche nancy Strasbourg<\/p>\n\n\n\n<p>mettre parcours peche et apiculture randonnees stockage velo pret materiel etcc minuimum 600 mots<\/p>\n\n\n\n<p><\/p>","protected":false},"excerpt":{"rendered":"<p>Description des lieux 2 maisons individuelles \u00e0 Senones de 2 chambres chacune avec lit double, \u00e9quip\u00e9es d\u2019une cuisine, salle de bain, salon\/salle \u00e0 manger Ext\u00e9rieur partag\u00e9 : piscine, verger, jardin. Terrasse privative sans vis-\u00e0-vis avec coin repas, barbecue\/four \u00e0 tarte flamb\u00e9e et salon de jardin. Possibilit\u00e9 de lit d\u2019appoint pour couchage type canap\u00e9 convertible Maison [&hellip;]<\/p>\n","protected":false},"author":1,"featured_media":0,"parent":0,"menu_order":0,"comment_status":"closed","ping_status":"closed","template":"","meta":{"_uag_custom_page_level_css":"","site-sidebar-layout":"default","site-content-layout":"","ast-site-content-layout":"default","site-content-style":"default","site-sidebar-style":"default","ast-global-header-display":"","ast-banner-title-visibility":"","ast-main-header-display":"","ast-hfb-above-header-display":"","ast-hfb-below-header-display":"","ast-hfb-mobile-header-display":"","site-post-title":"","ast-breadcrumbs-content":"","ast-featured-img":"","footer-sml-layout":"","ast-disable-related-posts":"","theme-transparent-header-meta":"","adv-header-id-meta":"","stick-header-meta":"","header-above-stick-meta":"","header-main-stick-meta":"","header-below-stick-meta":"","astra-migrate-meta-layouts":"set","ast-page-background-enabled":"default","ast-page-background-meta":{"desktop":{"background-color":"","background-image":"","background-repeat":"repeat","background-position":"center center","background-size":"auto","background-attachment":"scroll","background-type":"","background-media":"","overlay-type":"","overlay-color":"","overlay-opacity":"","overlay-gradient":""},"tablet":{"background-color":"","background-image":"","background-repeat":"repeat","background-position":"center center","background-size":"auto","background-attachment":"scroll","background-type":"","background-media":"","overlay-type":"","overlay-color":"","overlay-opacity":"","overlay-gradient":""},"mobile":{"background-color":"","background-image":"","background-repeat":"repeat","background-position":"center center","background-size":"auto","background-attachment":"scroll","background-type":"","background-media":"","overlay-type":"","overlay-color":"","overlay-opacity":"","overlay-gradient":""}},"ast-content-background-meta":{"desktop":{"background-color":"var(--ast-global-color-4)","background-image":"","background-repeat":"repeat","background-position":"center center","background-size":"auto","background-attachment":"scroll","background-type":"","background-media":"","overlay-type":"","overlay-color":"","overlay-opacity":"","overlay-gradient":""},"tablet":{"background-color":"var(--ast-global-color-4)","background-image":"","background-repeat":"repeat","background-position":"center center","background-size":"auto","background-attachment":"scroll","background-type":"","background-media":"","overlay-type":"","overlay-color":"","overlay-opacity":"","overlay-gradient":""},"mobile":{"background-color":"var(--ast-global-color-4)","background-image":"","background-repeat":"repeat","background-position":"center center","background-size":"auto","background-attachment":"scroll","background-type":"","background-media":"","overlay-type":"","overlay-color":"","overlay-opacity":"","overlay-gradient":""}},"footnotes":""},"class_list":["post-3737","page","type-page","status-publish","hentry"],"aioseo_notices":[],"uagb_featured_image_src":{"full":false,"thumbnail":false,"medium":false,"medium_large":false,"large":false,"1536x1536":false,"2048x2048":false,"trp-custom-language-flag":false},"uagb_author_info":{"display_name":"christ-ballista@outlook.com","author_link":"https:\/\/gite-senones.com\/en\/author\/christ-ballistaoutlook-com\/"},"uagb_comment_info":0,"uagb_excerpt":"Description des lieux 2 maisons individuelles \u00e0 Senones de 2 chambres chacune avec lit double, \u00e9quip\u00e9es d\u2019une cuisine, salle de bain, salon\/salle \u00e0 manger Ext\u00e9rieur partag\u00e9 : piscine, verger, jardin. Terrasse privative sans vis-\u00e0-vis avec coin repas, barbecue\/four \u00e0 tarte flamb\u00e9e et salon de jardin. Possibilit\u00e9 de lit d\u2019appoint pour couchage type canap\u00e9 convertible Maison&hellip;","_links":{"self":[{"href":"https:\/\/gite-senones.com\/en\/wp-json\/wp\/v2\/pages\/3737","targetHints":{"allow":["GET"]}}],"collection":[{"href":"https:\/\/gite-senones.com\/en\/wp-json\/wp\/v2\/pages"}],"about":[{"href":"https:\/\/gite-senones.com\/en\/wp-json\/wp\/v2\/types\/page"}],"author":[{"embeddable":true,"href":"https:\/\/gite-senones.com\/en\/wp-json\/wp\/v2\/users\/1"}],"replies":[{"embeddable":true,"href":"https:\/\/gite-senones.com\/en\/wp-json\/wp\/v2\/comments?post=3737"}],"version-history":[{"count":11,"href":"https:\/\/gite-senones.com\/en\/wp-json\/wp\/v2\/pages\/3737\/revisions"}],"predecessor-version":[{"id":4235,"href":"https:\/\/gite-senones.com\/en\/wp-json\/wp\/v2\/pages\/3737\/revisions\/4235"}],"wp:attachment":[{"href":"https:\/\/gite-senones.com\/en\/wp-json\/wp\/v2\/media?parent=3737"}],"curies":[{"name":"wp","href":"https:\/\/api.w.org\/{rel}","templated":true}]}}