{"id":3739,"date":"2026-02-04T12:03:17","date_gmt":"2026-02-04T12:03:17","guid":{"rendered":"https:\/\/gite-senones.com\/?page_id=3739"},"modified":"2026-02-21T06:24:34","modified_gmt":"2026-02-21T06:24:34","slug":"maison-marysa","status":"publish","type":"page","link":"https:\/\/gite-senones.com\/en\/maison-marysa\/","title":{"rendered":"Marysa Cottage"},"content":{"rendered":"<div class=\"wp-block-uagb-container uagb-block-3a5f4e0a alignfull uagb-is-root-container\"><div class=\"uagb-container-inner-blocks-wrap\">\n<div class=\"wp-block-uagb-container uagb-block-29ab36cb\">\n<div class=\"wp-block-uagb-container uagb-block-501b08de\">\n<div class=\"wp-block-uagb-container uagb-block-472b870b\">\n<div class=\"wp-block-uagb-container uagb-block-ad7f891f\">\n<figure class=\"wp-block-image size-full\"><img loading=\"lazy\" decoding=\"async\" width=\"1024\" height=\"737\" src=\"https:\/\/gite-senones.com\/wp-content\/uploads\/2026\/02\/CHAMBRE1-1.jpg\" alt=\"\" class=\"wp-image-3741\" srcset=\"https:\/\/gite-senones.com\/wp-content\/uploads\/2026\/02\/CHAMBRE1-1.jpg 1024w, https:\/\/gite-senones.com\/wp-content\/uploads\/2026\/02\/CHAMBRE1-1-300x216.jpg 300w, https:\/\/gite-senones.com\/wp-content\/uploads\/2026\/02\/CHAMBRE1-1-768x553.jpg 768w\" sizes=\"auto, (max-width: 1024px) 100vw, 1024px\" \/><\/figure>\n<\/div>\n\n\n\n<div class=\"wp-block-uagb-container uagb-block-84345d4c\">\n<p class=\"has-medium-font-size\"><strong>Room 1<\/strong> located under the eaves, this room is warm and full of charm. The sloped ceiling creates a cosy, intimate atmosphere.\n\nAt the centre of the room is a comfortable double bed measuring 160 x 220 cm, well-proportioned for the space. A bedside table provides room for a lamp and everyday items.\n\nA wardrobe is installed along the wall, offering practical storage while fitting naturally into the roof slope.\n\nOverall, the room is functional, quiet, and pleasant\u2014an ideal place for rest and relaxation.<\/p>\n<\/div>\n<\/div>\n\n\n\n<p class=\"has-accent-4-background-color has-background has-small-font-size\" style=\"border-top-left-radius:35px;border-top-right-radius:35px;border-bottom-left-radius:35px;border-bottom-right-radius:35px\">Click to view availability<\/p>\n\n\n\n<p class=\"has-small-font-size\"><\/p>\n<\/div>\n<\/div>\n\n\n\n<div class=\"wp-block-uagb-container uagb-block-3bf72216\">\n<div class=\"wp-block-uagb-container uagb-block-cd9df4b0\">\n<div class=\"wp-block-uagb-container uagb-block-6b0d608b\">\n<div class=\"wp-block-uagb-container uagb-block-5a7159a6\">\n<figure class=\"wp-block-image size-full\"><img loading=\"lazy\" decoding=\"async\" width=\"1024\" height=\"683\" src=\"https:\/\/gite-senones.com\/wp-content\/uploads\/2026\/02\/CHAMBRE2.jpg\" alt=\"\" class=\"wp-image-3742\" srcset=\"https:\/\/gite-senones.com\/wp-content\/uploads\/2026\/02\/CHAMBRE2.jpg 1024w, https:\/\/gite-senones.com\/wp-content\/uploads\/2026\/02\/CHAMBRE2-300x200.jpg 300w, https:\/\/gite-senones.com\/wp-content\/uploads\/2026\/02\/CHAMBRE2-768x512.jpg 768w\" sizes=\"auto, (max-width: 1024px) 100vw, 1024px\" \/><\/figure>\n<\/div>\n\n\n\n<div class=\"wp-block-uagb-container uagb-block-67e11d90\">\n<p class=\"has-medium-font-size\"><strong>Room 2<\/strong> smaller and located under the eaves, this room is warm and full of charm. The sloped ceiling creates a cosy, intimate atmosphere.\n\nIt features a comfortable double bed measuring 160 x 220 cm. Next to the bed, a bedside table holds a lamp and a few everyday items.\n\nA wardrobe provides practical storage while fitting naturally into the roof slope.\n\nOverall, this is a functional, quiet, and pleasant room\u2014ideal for rest and relaxation.<\/p>\n\n\n\n<p><\/p>\n\n\n\n<p><\/p>\n\n\n\n<p><\/p>\n\n\n\n<p><\/p>\n\n\n\n<p class=\"has-accent-4-background-color has-background has-small-font-size\" style=\"border-top-left-radius:35px;border-top-right-radius:35px;border-bottom-left-radius:35px;border-bottom-right-radius:35px\">Click to view availability<\/p>\n\n\n\n<p class=\"has-small-font-size\"><\/p>\n<\/div>\n<\/div>\n<\/div>\n<\/div>\n<\/div><\/div>\n\n\n\n<div class=\"wp-block-uagb-container uagb-block-695e92fb alignfull uagb-is-root-container\"><div class=\"uagb-container-inner-blocks-wrap\">\n<div class=\"wp-block-uagb-container uagb-block-a757314d\">\n<figure class=\"wp-block-image size-full\"><img loading=\"lazy\" decoding=\"async\" width=\"1024\" height=\"847\" src=\"https:\/\/gite-senones.com\/wp-content\/uploads\/2026\/02\/salon.jpg\" alt=\"\" class=\"wp-image-3743\" srcset=\"https:\/\/gite-senones.com\/wp-content\/uploads\/2026\/02\/salon.jpg 1024w, https:\/\/gite-senones.com\/wp-content\/uploads\/2026\/02\/salon-300x248.jpg 300w, https:\/\/gite-senones.com\/wp-content\/uploads\/2026\/02\/salon-768x635.jpg 768w\" sizes=\"auto, (max-width: 1024px) 100vw, 1024px\" \/><\/figure>\n\n\n\n<div class=\"wp-block-uagb-container uagb-block-962b6409\">\n<p><strong>Le coin salon et repas<\/strong> s\u2019organise dans un espace ouvert, convivial et lumineux.<\/p>\n\n\n\n<p><strong>C\u00f4t\u00e9 salon<\/strong>a large, comfortable sofa, complemented by an armchair, is arranged around a coffee table. Opposite, a television is placed on a stand, creating an ideal space for relaxing and spending time together as a group. Cushions add a warm touch and help structure the space.<\/p>\n\n\n\n<p><strong>C\u00f4t\u00e9 repas<\/strong>, une grande table pouvant accueillir jusqu\u2019\u00e0 10 personnes occupe une place centrale. Elle est entour\u00e9e de chaises confortables et harmonis\u00e9es avec le style du salon. Cet espace est pens\u00e9 pour les repas en famille ou entre amis, tout en restant fluide et fonctionnel.<\/p>\n\n\n\n<p>A wardrobe is installed under the staircase, providing practical storage space while fitting naturally into the slope of the stairs.<\/p>\n\n\n\n<p>Overall, this creates a welcoming and well-balanced space, where the living and dining areas complement each other to encourage sociability, comfort, and sharing. Internet access is available.<\/p>\n<\/div>\n<\/div>\n\n\n\n<div class=\"wp-block-uagb-container uagb-block-e7a1cded\">\n<figure class=\"wp-block-image size-full\"><img loading=\"lazy\" decoding=\"async\" width=\"1024\" height=\"681\" src=\"https:\/\/gite-senones.com\/wp-content\/uploads\/2026\/02\/cuisine.jpg\" alt=\"\" class=\"wp-image-3744\" srcset=\"https:\/\/gite-senones.com\/wp-content\/uploads\/2026\/02\/cuisine.jpg 1024w, https:\/\/gite-senones.com\/wp-content\/uploads\/2026\/02\/cuisine-300x200.jpg 300w, https:\/\/gite-senones.com\/wp-content\/uploads\/2026\/02\/cuisine-768x511.jpg 768w\" sizes=\"auto, (max-width: 1024px) 100vw, 1024px\" \/><\/figure>\n\n\n\n<div class=\"wp-block-uagb-container uagb-block-5e5a0f9f\">\n<p><strong>La cuisine<\/strong> est enti\u00e8rement \u00e9quip\u00e9e et pens\u00e9e pour allier fonctionnalit\u00e9 et modernit\u00e9. Elle dispose d\u2019un <strong>\u00eelot central<\/strong>, offrant un espace de travail suppl\u00e9mentaire ainsi qu\u2019un lieu convivial pour les repas rapides ou les moments de partage.<\/p>\n\n\n\n<p>Les \u00e9quipements comprennent un <strong>four<\/strong>, un <strong>micro onde<\/strong>, une<strong> plaque vitroc\u00e9ramique<\/strong>, un <strong>lave-vaisselle<\/strong> et un <strong>lave-linge<\/strong>, int\u00e9gr\u00e9s de mani\u00e8re discr\u00e8te afin de pr\u00e9server l\u2019esth\u00e9tique et l\u2019harmonie de la cuisine. Les rangements sont nombreux et bien organis\u00e9s, facilitant le quotidien. Des equipements pour le petit d\u00e9jeuner sont \u00e9galement disponible<strong> cafeti\u00e8re<\/strong>, <strong>grille pain<\/strong>, <strong>theiere \u00e9lectrique<\/strong><\/p>\n\n\n\n<p>Overall, this is a practical, modern, and welcoming kitchen, suitable both for preparing meals and for everyday living.<\/p>\n<\/div>\n<\/div>\n\n\n\n<div class=\"wp-block-uagb-container uagb-block-459f3276\">\n<figure class=\"wp-block-image size-full is-resized\"><img loading=\"lazy\" decoding=\"async\" width=\"270\" height=\"180\" src=\"https:\/\/gite-senones.com\/wp-content\/uploads\/2026\/02\/OIP.jpg\" alt=\"\" class=\"wp-image-3745\" style=\"width:270px;height:auto\"\/><\/figure>\n\n\n\n<div class=\"wp-block-uagb-container uagb-block-43e38352\">\n<p>La salle de bain est spacieuse et soigneusement am\u00e9nag\u00e9e pour offrir confort et bien-\u00eatre. Elle comprend un <strong>WC<\/strong>, int\u00e9gr\u00e9 de fa\u00e7on discr\u00e8te, une <strong>douche \u00e0 l\u2019italienne<\/strong> moderne et facile d\u2019acc\u00e8s, ainsi qu\u2019une <strong>baignoire spa<\/strong>, id\u00e9ale pour des moments de d\u00e9tente et de relaxation.<\/p>\n\n\n\n<p>Les \u00e9quipements sont dispos\u00e9s de mani\u00e8re harmonieuse afin d\u2019optimiser l\u2019espace et la circulation. L\u2019ensemble cr\u00e9e une atmosph\u00e8re \u00e0 la fois fonctionnelle et apaisante, propice au confort quotidien comme aux instants de bien-\u00eatre.<\/p>\n<\/div>\n<\/div>\n<\/div><\/div>","protected":false},"excerpt":{"rendered":"<p>La chambre 1 sous combles est chaleureuse et pleine de charme. Le plafond mansard\u00e9 apporte une atmosph\u00e8re cosy et intimiste. Au centre de la pi\u00e8ce se trouve un lit double de 160 par 220 cm, confortable et bien proportionn\u00e9 \u00e0 l\u2019espace. Une table de chevet permet de poser une lampe et quelques objets du quotidien. [&hellip;]<\/p>\n","protected":false},"author":1,"featured_media":0,"parent":0,"menu_order":0,"comment_status":"closed","ping_status":"closed","template":"","meta":{"_uag_custom_page_level_css":"","site-sidebar-layout":"default","site-content-layout":"","ast-site-content-layout":"default","site-content-style":"default","site-sidebar-style":"default","ast-global-header-display":"","ast-banner-title-visibility":"","ast-main-header-display":"","ast-hfb-above-header-display":"","ast-hfb-below-header-display":"","ast-hfb-mobile-header-display":"","site-post-title":"","ast-breadcrumbs-content":"","ast-featured-img":"","footer-sml-layout":"","ast-disable-related-posts":"","theme-transparent-header-meta":"","adv-header-id-meta":"","stick-header-meta":"","header-above-stick-meta":"","header-main-stick-meta":"","header-below-stick-meta":"","astra-migrate-meta-layouts":"set","ast-page-background-enabled":"default","ast-page-background-meta":{"desktop":{"background-color":"","background-image":"","background-repeat":"repeat","background-position":"center center","background-size":"auto","background-attachment":"scroll","background-type":"","background-media":"","overlay-type":"","overlay-color":"","overlay-opacity":"","overlay-gradient":""},"tablet":{"background-color":"","background-image":"","background-repeat":"repeat","background-position":"center center","background-size":"auto","background-attachment":"scroll","background-type":"","background-media":"","overlay-type":"","overlay-color":"","overlay-opacity":"","overlay-gradient":""},"mobile":{"background-color":"","background-image":"","background-repeat":"repeat","background-position":"center center","background-size":"auto","background-attachment":"scroll","background-type":"","background-media":"","overlay-type":"","overlay-color":"","overlay-opacity":"","overlay-gradient":""}},"ast-content-background-meta":{"desktop":{"background-color":"var(--ast-global-color-4)","background-image":"","background-repeat":"repeat","background-position":"center center","background-size":"auto","background-attachment":"scroll","background-type":"","background-media":"","overlay-type":"","overlay-color":"","overlay-opacity":"","overlay-gradient":""},"tablet":{"background-color":"var(--ast-global-color-4)","background-image":"","background-repeat":"repeat","background-position":"center center","background-size":"auto","background-attachment":"scroll","background-type":"","background-media":"","overlay-type":"","overlay-color":"","overlay-opacity":"","overlay-gradient":""},"mobile":{"background-color":"var(--ast-global-color-4)","background-image":"","background-repeat":"repeat","background-position":"center center","background-size":"auto","background-attachment":"scroll","background-type":"","background-media":"","overlay-type":"","overlay-color":"","overlay-opacity":"","overlay-gradient":""}},"footnotes":""},"class_list":["post-3739","page","type-page","status-publish","hentry"],"aioseo_notices":[],"uagb_featured_image_src":{"full":false,"thumbnail":false,"medium":false,"medium_large":false,"large":false,"1536x1536":false,"2048x2048":false,"trp-custom-language-flag":false},"uagb_author_info":{"display_name":"christ-ballista@outlook.com","author_link":"https:\/\/gite-senones.com\/en\/author\/christ-ballistaoutlook-com\/"},"uagb_comment_info":0,"uagb_excerpt":"La chambre 1 sous combles est chaleureuse et pleine de charme. Le plafond mansard\u00e9 apporte une atmosph\u00e8re cosy et intimiste. Au centre de la pi\u00e8ce se trouve un lit double de 160 par 220 cm, confortable et bien proportionn\u00e9 \u00e0 l\u2019espace. Une table de chevet permet de poser une lampe et quelques objets du quotidien.&hellip;","_links":{"self":[{"href":"https:\/\/gite-senones.com\/en\/wp-json\/wp\/v2\/pages\/3739","targetHints":{"allow":["GET"]}}],"collection":[{"href":"https:\/\/gite-senones.com\/en\/wp-json\/wp\/v2\/pages"}],"about":[{"href":"https:\/\/gite-senones.com\/en\/wp-json\/wp\/v2\/types\/page"}],"author":[{"embeddable":true,"href":"https:\/\/gite-senones.com\/en\/wp-json\/wp\/v2\/users\/1"}],"replies":[{"embeddable":true,"href":"https:\/\/gite-senones.com\/en\/wp-json\/wp\/v2\/comments?post=3739"}],"version-history":[{"count":13,"href":"https:\/\/gite-senones.com\/en\/wp-json\/wp\/v2\/pages\/3739\/revisions"}],"predecessor-version":[{"id":4168,"href":"https:\/\/gite-senones.com\/en\/wp-json\/wp\/v2\/pages\/3739\/revisions\/4168"}],"wp:attachment":[{"href":"https:\/\/gite-senones.com\/en\/wp-json\/wp\/v2\/media?parent=3739"}],"curies":[{"name":"wp","href":"https:\/\/api.w.org\/{rel}","templated":true}]}}