{"id":3765,"date":"2026-02-04T12:15:42","date_gmt":"2026-02-04T12:15:42","guid":{"rendered":"https:\/\/gite-senones.com\/?page_id=3765"},"modified":"2026-04-15T06:09:25","modified_gmt":"2026-04-15T06:09:25","slug":"commun","status":"publish","type":"page","link":"https:\/\/gite-senones.com\/en\/commun\/","title":{"rendered":"Common areas"},"content":{"rendered":"<h2 class=\"wp-block-heading\">Holiday rental in Senones<\/h2>\n\n\n\n<p>Enjoy your stay at the \u2018Chez DD\u2019 holiday cottage in the Vosges, near Saint-Di\u00e9-des-Vosges and G\u00e9rardmer, with access to our amenities: a shared swimming pool, a shared orchard, and private terraces<\/p>\n\n\n\n<p>Your holiday cottage in the Vosges offers an 8 \u00d7 4 metre swimming pool, a terrace with a barbecue, a traditional tarte flamb\u00e9e oven, and a pleasant outdoor dining area.<\/p>\n\n\n\n<div class=\"wp-block-uagb-container uagb-block-3a5f4e0a alignfull uagb-is-root-container\">\n<div class=\"wp-block-uagb-container uagb-block-29ab36cb\">\n<div class=\"wp-block-uagb-container uagb-block-501b08de\">\n<div class=\"wp-block-uagb-container uagb-block-472b870b\">\n<div class=\"wp-block-uagb-container uagb-block-ad7f891f\">\n<div class=\"wp-block-uagb-image uagb-block-62d1dc4a wp-block-uagb-image--layout-default wp-block-uagb-image--effect-static wp-block-uagb-image--align-none\"><figure class=\"wp-block-uagb-image__figure\"><img decoding=\"async\" srcset=\"https:\/\/gite-senones.com\/wp-content\/uploads\/2026\/02\/PISCINE.png ,https:\/\/gite-senones.com\/wp-content\/uploads\/2026\/02\/PISCINE.png 780w, https:\/\/gite-senones.com\/wp-content\/uploads\/2026\/02\/PISCINE.png 360w\" sizes=\"auto, (max-width: 480px) 150px\" src=\"https:\/\/gite-senones.com\/wp-content\/uploads\/2026\/02\/PISCINE.png\" alt=\"\" class=\"uag-image-3770\" width=\"390\" height=\"205\" title=\"PISCINE\" loading=\"lazy\" role=\"img\"\/><\/figure><\/div>\n<\/div>\n\n\n\n<div class=\"wp-block-uagb-container uagb-block-84345d4c\">\n<p>Swimming pool <strong>bean-shaped<\/strong>with soft, rounded lines, measuring <strong>8 meters long by 4 meters wide.<\/strong>It offers a friendly and harmonious swimming area, ideal for both relaxation and family leisure activities.<br>The depth is <strong>progressive<\/strong>, plateforme de <strong>1,20 m<\/strong> sur la partie la moins profonde et descendant jusqu\u2019\u00e0 <strong>1,70 m<\/strong> sur la zone la plus profonde, assurant confort et s\u00e9curit\u00e9 pour diff\u00e9rents usages.<\/p>\n\n\n\n<p>Surrounded by a beautiful terrace equipped with a lounge area for aperitifs and sunbathing.<\/p>\n<\/div>\n<\/div>\n<\/div>\n<\/div>\n\n\n\n<div class=\"wp-block-uagb-container uagb-block-3bf72216\">\n<div class=\"wp-block-uagb-container uagb-block-cd9df4b0\">\n<div class=\"wp-block-uagb-container uagb-block-6b0d608b\">\n<div class=\"wp-block-uagb-container uagb-block-5a7159a6\">\n<figure class=\"wp-block-image size-full\"><img loading=\"lazy\" decoding=\"async\" width=\"331\" height=\"199\" src=\"https:\/\/gite-senones.com\/wp-content\/uploads\/2026\/02\/terrasse.png\" alt=\"photo de la terasse \u00e9quip\u00e9e\" class=\"wp-image-3771\" srcset=\"https:\/\/gite-senones.com\/wp-content\/uploads\/2026\/02\/terrasse.png 331w, https:\/\/gite-senones.com\/wp-content\/uploads\/2026\/02\/terrasse-300x180.png 300w\" sizes=\"auto, (max-width: 331px) 100vw, 331px\" \/><\/figure>\n<\/div>\n\n\n\n<div class=\"wp-block-uagb-container uagb-block-67e11d90\">\n<p>Terrasse d\u2019environ <strong>30 m\u00b2<\/strong>, con\u00e7ue comme un v\u00e9ritable espace de vie ext\u00e9rieur. Elle comprend un <strong>barbecue<\/strong> ainsi qu\u2019un <strong>four \u00e0 tarte flamb\u00e9e<\/strong>, id\u00e9al pour les repas conviviaux et les moments de partage.<br>Un <strong>coin salon<\/strong> confortable permet de se d\u00e9tendre, tandis qu\u2019un <strong>espace d\u00eenatoire<\/strong> est am\u00e9nag\u00e9 pour accueillir famille et amis autour de grandes tabl\u00e9es. <\/p>\n\n\n\n<p>L\u2019ensemble forme un lieu harmonieux et fonctionnel, pens\u00e9 pour profiter pleinement des beaux jours.<\/p>\n<\/div>\n<\/div>\n<\/div>\n<\/div>\n<\/div>\n\n\n\n<div class=\"wp-block-uagb-container uagb-block-695e92fb alignfull uagb-is-root-container\"><div class=\"uagb-container-inner-blocks-wrap\">\n<div class=\"wp-block-uagb-container uagb-block-a757314d\">\n<figure class=\"wp-block-image size-full is-resized\"><img loading=\"lazy\" decoding=\"async\" width=\"270\" height=\"194\" src=\"https:\/\/gite-senones.com\/wp-content\/uploads\/2026\/02\/verger.png\" alt=\"\" class=\"wp-image-3772\" style=\"width:321px;height:auto\"\/><\/figure>\n\n\n\n<div class=\"wp-block-uagb-container uagb-block-962b6409\">\n<p>Le verger s\u2019\u00e9tend dans un environnement calme et verdoyant, compos\u00e9 de <strong>plusieurs arbres fruitiers<\/strong> soigneusement r\u00e9partis sur le terrain. Pommiers, poiriers, cerisiers, mirabellier, ou pruniers offrent, au fil des saisons, une floraison d\u00e9licate puis une production g\u00e9n\u00e9reuse de fruits.<\/p>\n\n\n\n<p>Cet espace naturel apporte <strong>ombre, fra\u00eecheur et charme champ\u00eatre<\/strong>, tout en favorisant la biodiversit\u00e9 et les moments de d\u00e9tente en plein air.<\/p>\n\n\n\n<p>Ces fruits a disposition permettent de faire de bonnes tartes ou confitures.<\/p>\n<\/div>\n<\/div>\n<\/div><\/div>","protected":false},"excerpt":{"rendered":"<p>Location saisonni\u00e8re Senones Profitez pendant votre S\u00e9jour au g\u00eete \u00ab\u00a0chez DD\u00a0\u00bb dans les Vosges proche de saint Di\u00e9 et de G\u00e9rardmer de nos \u00e9quipements 1 picine commune, 1 verger commun, et terrasses privatives. Votre g\u00eete dans les Vosges dispose d&rsquo;une piscine de 8m par 4m, d&rsquo;une terrasse avec barbecue, four tarte flambl\u00e9e et coin repas. [&hellip;]<\/p>\n","protected":false},"author":1,"featured_media":0,"parent":0,"menu_order":0,"comment_status":"closed","ping_status":"closed","template":"","meta":{"_uag_custom_page_level_css":"photo de la piscine eb forme de Haricot","site-sidebar-layout":"default","site-content-layout":"","ast-site-content-layout":"default","site-content-style":"default","site-sidebar-style":"default","ast-global-header-display":"","ast-banner-title-visibility":"","ast-main-header-display":"","ast-hfb-above-header-display":"","ast-hfb-below-header-display":"","ast-hfb-mobile-header-display":"","site-post-title":"","ast-breadcrumbs-content":"","ast-featured-img":"","footer-sml-layout":"","ast-disable-related-posts":"","theme-transparent-header-meta":"","adv-header-id-meta":"","stick-header-meta":"","header-above-stick-meta":"","header-main-stick-meta":"","header-below-stick-meta":"","astra-migrate-meta-layouts":"set","ast-page-background-enabled":"default","ast-page-background-meta":{"desktop":{"background-color":"","background-image":"","background-repeat":"repeat","background-position":"center center","background-size":"auto","background-attachment":"scroll","background-type":"","background-media":"","overlay-type":"","overlay-color":"","overlay-opacity":"","overlay-gradient":""},"tablet":{"background-color":"","background-image":"","background-repeat":"repeat","background-position":"center center","background-size":"auto","background-attachment":"scroll","background-type":"","background-media":"","overlay-type":"","overlay-color":"","overlay-opacity":"","overlay-gradient":""},"mobile":{"background-color":"","background-image":"","background-repeat":"repeat","background-position":"center center","background-size":"auto","background-attachment":"scroll","background-type":"","background-media":"","overlay-type":"","overlay-color":"","overlay-opacity":"","overlay-gradient":""}},"ast-content-background-meta":{"desktop":{"background-color":"var(--ast-global-color-4)","background-image":"","background-repeat":"repeat","background-position":"center center","background-size":"auto","background-attachment":"scroll","background-type":"","background-media":"","overlay-type":"","overlay-color":"","overlay-opacity":"","overlay-gradient":""},"tablet":{"background-color":"var(--ast-global-color-4)","background-image":"","background-repeat":"repeat","background-position":"center center","background-size":"auto","background-attachment":"scroll","background-type":"","background-media":"","overlay-type":"","overlay-color":"","overlay-opacity":"","overlay-gradient":""},"mobile":{"background-color":"var(--ast-global-color-4)","background-image":"","background-repeat":"repeat","background-position":"center center","background-size":"auto","background-attachment":"scroll","background-type":"","background-media":"","overlay-type":"","overlay-color":"","overlay-opacity":"","overlay-gradient":""}},"footnotes":""},"class_list":["post-3765","page","type-page","status-publish","hentry"],"aioseo_notices":[],"uagb_featured_image_src":{"full":false,"thumbnail":false,"medium":false,"medium_large":false,"large":false,"1536x1536":false,"2048x2048":false,"trp-custom-language-flag":false},"uagb_author_info":{"display_name":"christ-ballista@outlook.com","author_link":"https:\/\/gite-senones.com\/en\/author\/christ-ballistaoutlook-com\/"},"uagb_comment_info":0,"uagb_excerpt":"Location saisonni\u00e8re Senones Profitez pendant votre S\u00e9jour au g\u00eete \u00ab\u00a0chez DD\u00a0\u00bb dans les Vosges proche de saint Di\u00e9 et de G\u00e9rardmer de nos \u00e9quipements 1 picine commune, 1 verger commun, et terrasses privatives. Votre g\u00eete dans les Vosges dispose d&rsquo;une piscine de 8m par 4m, d&rsquo;une terrasse avec barbecue, four tarte flambl\u00e9e et coin repas.&hellip;","_links":{"self":[{"href":"https:\/\/gite-senones.com\/en\/wp-json\/wp\/v2\/pages\/3765","targetHints":{"allow":["GET"]}}],"collection":[{"href":"https:\/\/gite-senones.com\/en\/wp-json\/wp\/v2\/pages"}],"about":[{"href":"https:\/\/gite-senones.com\/en\/wp-json\/wp\/v2\/types\/page"}],"author":[{"embeddable":true,"href":"https:\/\/gite-senones.com\/en\/wp-json\/wp\/v2\/users\/1"}],"replies":[{"embeddable":true,"href":"https:\/\/gite-senones.com\/en\/wp-json\/wp\/v2\/comments?post=3765"}],"version-history":[{"count":16,"href":"https:\/\/gite-senones.com\/en\/wp-json\/wp\/v2\/pages\/3765\/revisions"}],"predecessor-version":[{"id":4228,"href":"https:\/\/gite-senones.com\/en\/wp-json\/wp\/v2\/pages\/3765\/revisions\/4228"}],"wp:attachment":[{"href":"https:\/\/gite-senones.com\/en\/wp-json\/wp\/v2\/media?parent=3765"}],"curies":[{"name":"wp","href":"https:\/\/api.w.org\/{rel}","templated":true}]}}