{"id":3869,"date":"2026-02-05T08:59:52","date_gmt":"2026-02-05T08:59:52","guid":{"rendered":"https:\/\/gite-senones.com\/?page_id=3869"},"modified":"2026-02-12T17:01:19","modified_gmt":"2026-02-12T17:01:19","slug":"sejour-visite-senones","status":"publish","type":"page","link":"https:\/\/gite-senones.com\/en\/sejour-visite-senones\/","title":{"rendered":"S\u00e9jour visite Senones"},"content":{"rendered":"<h2 class=\"wp-block-heading\">Holiday rental in Senones<\/h2>\n\n\n\n<p>Profitez pendant votre S\u00e9jour au g\u00eete \u00ab\u00a0chez dd\u00a0\u00bb dans les Vosges et proche de saint Di\u00e9 et de G\u00e9rardmer de visiter la ville de Senones, des visites guid\u00e9es sont accessible via l&rsquo;office du tourisme local.<\/p>\n\n\n\n<div class=\"wp-block-uagb-container uagb-block-ca02c74b alignfull uagb-is-root-container\"><div class=\"uagb-container-inner-blocks-wrap\">\n<div class=\"wp-block-uagb-container uagb-block-d7112cb1\">\n<figure class=\"wp-block-image aligncenter size-full is-resized\"><img loading=\"lazy\" decoding=\"async\" width=\"680\" height=\"393\" src=\"https:\/\/gite-senones.com\/wp-content\/uploads\/2026\/01\/cloitre-1.png\" alt=\"photo du clo\u00eetre de l'\u00e9glise Saint-Gondelbert,  un lieu \u00e0 visiter pendant votre s\u00e9jour au gite &quot;chez dd&quot; \u00e0 Senones\" class=\"wp-image-3710\" style=\"aspect-ratio:1.730282038594755;width:343px;height:auto\" srcset=\"https:\/\/gite-senones.com\/wp-content\/uploads\/2026\/01\/cloitre-1.png 680w, https:\/\/gite-senones.com\/wp-content\/uploads\/2026\/01\/cloitre-1-300x173.png 300w\" sizes=\"auto, (max-width: 680px) 100vw, 680px\" \/><\/figure>\n<\/div>\n\n\n\n<div class=\"wp-block-uagb-container uagb-block-04f2d862\">\n<p><strong>Eglise Saint-Gondelbert<\/strong><br>\u00c9glise historique au c\u0153ur de Senones, li\u00e9e \u00e0 la fondation monastique et au patrimoine spirituel local, lieu \u00e0 visiter proche de votre location saisonni\u00e8re Senones.<\/p>\n<\/div>\n\n\n\n<div class=\"wp-block-uagb-container uagb-block-49da1520\">\n<div class=\"wp-block-uagb-image uagb-block-80cadb9b wp-block-uagb-image--layout-default wp-block-uagb-image--effect-static wp-block-uagb-image--align-none\"><figure class=\"wp-block-uagb-image__figure\"><img decoding=\"async\" srcset=\"https:\/\/gite-senones.com\/wp-content\/uploads\/2026\/01\/abay-3.jpg ,https:\/\/gite-senones.com\/wp-content\/uploads\/2026\/01\/abay-3.jpg 780w, https:\/\/gite-senones.com\/wp-content\/uploads\/2026\/01\/abay-3.jpg 360w\" sizes=\"auto, (max-width: 480px) 150px\" src=\"https:\/\/gite-senones.com\/wp-content\/uploads\/2026\/01\/abay-3.jpg\" alt=\"\" class=\"uag-image-3708\" width=\"316\" height=\"79\" title=\"abay\" loading=\"lazy\" role=\"img\"\/><\/figure><\/div>\n<\/div>\n\n\n\n<div class=\"wp-block-uagb-container uagb-block-1893ab2c\">\n<p><strong>Abbaye de Senones<\/strong><br>Monument embl\u00e9matique fond\u00e9 au 7\u1d49 si\u00e8cle, cette ancienne abbaye b\u00e9n\u00e9dictine fut un centre religieux puissant jusqu\u2019\u00e0 la R\u00e9volution fran\u00e7aise. Aujourd\u2019hui, on y visite les cours, le clo\u00eetre, le palais abbatial et la grande biblioth\u00e8que ; des visites guid\u00e9es sont parfois propos\u00e9es.<\/p>\n<\/div>\n<\/div><\/div>\n\n\n\n<div class=\"wp-block-uagb-container uagb-block-37e03ec9 alignfull uagb-is-root-container\"><div class=\"uagb-container-inner-blocks-wrap\">\n<div class=\"wp-block-uagb-container uagb-block-1fe96cec\">\n<div class=\"wp-block-uagb-image uagb-block-8bd66386 wp-block-uagb-image--layout-default wp-block-uagb-image--effect-static wp-block-uagb-image--align-none\"><figure class=\"wp-block-uagb-image__figure\"><img decoding=\"async\" srcset=\"https:\/\/gite-senones.com\/wp-content\/uploads\/2026\/01\/FONTAINE.png ,https:\/\/gite-senones.com\/wp-content\/uploads\/2026\/01\/FONTAINE.png 780w, https:\/\/gite-senones.com\/wp-content\/uploads\/2026\/01\/FONTAINE.png 360w\" sizes=\"auto, (max-width: 480px) 150px\" src=\"https:\/\/gite-senones.com\/wp-content\/uploads\/2026\/01\/FONTAINE.png\" alt=\"\" class=\"uag-image-3716\" width=\"272\" height=\"379\" title=\"FONTAINE\" loading=\"lazy\" role=\"img\"\/><\/figure><\/div>\n<\/div>\n\n\n\n<div class=\"wp-block-uagb-container uagb-block-8efb3f25\">\n<h3 class=\"wp-block-heading\"><strong>Fontaine \u00ab\u00a0la verseuse et le ch\u00e9rubin\u00a0\u00bb<\/strong><\/h3>\n\n\n\n<p>Petite curiosit\u00e9 locale pour une pause photo dans le centre historique.<\/p>\n\n\n\n<p>Fontaine compos\u00e9e d\u2019un bassin circulaire, d\u2019un socle avec dauphins, d\u2019une vasque en forme de coquille et d\u2019un groupe repr\u00e9sentant une femme source avec enfant.<\/p>\n<\/div>\n\n\n\n<div class=\"wp-block-uagb-container uagb-block-7573ad0d\">\n<figure class=\"wp-block-image aligncenter size-full is-resized\"><img loading=\"lazy\" decoding=\"async\" width=\"500\" height=\"375\" src=\"https:\/\/gite-senones.com\/wp-content\/uploads\/2026\/01\/mairie.jpg\" alt=\"\" class=\"wp-image-3717\" style=\"width:370px;height:auto\" srcset=\"https:\/\/gite-senones.com\/wp-content\/uploads\/2026\/01\/mairie.jpg 500w, https:\/\/gite-senones.com\/wp-content\/uploads\/2026\/01\/mairie-300x225.jpg 300w\" sizes=\"auto, (max-width: 500px) 100vw, 500px\" \/><\/figure>\n<\/div>\n\n\n\n<div class=\"wp-block-uagb-container uagb-block-923ba0e3\">\n<h5 class=\"wp-block-heading\">\ud83c\udfdb\ufe0f La mairie de Senones<\/h5>\n\n\n\n<p>Avant la R\u00e9volution fran\u00e7aise, Senones \u00e9tait la capitale de la principaut\u00e9 de Salm-Salm et ne poss\u00e9dait pas de mairie au sens moderne. Le pouvoir \u00e9tait exerc\u00e9 par l\u2019abbaye b\u00e9n\u00e9dictine et par les princes de Salm.<\/p>\n\n\n\n<p>En <strong>1793<\/strong>, la principaut\u00e9 est annex\u00e9e \u00e0 la France. Senones devient alors une commune fran\u00e7aise et se dote d\u2019une <strong>mairie<\/strong>, symbole du nouveau pouvoir civil et r\u00e9publicain.<\/p>\n\n\n\n<p>Install\u00e9e dans un b\u00e2timent du centre historique, \u00e0 proximit\u00e9 de l\u2019abbaye, la mairie devient d\u00e8s le XIX\u1d49 si\u00e8cle le c\u0153ur de l\u2019administration communale et de la vie citoyenne.<\/p>\n\n\n\n<p>Aujourd\u2019hui, la mairie de Senones t\u00e9moigne du passage d\u2019un pouvoir religieux et princier \u00e0 une <strong>administration municipale r\u00e9publicaine<\/strong>, au sein d\u2019une ville class\u00e9e <em>Petite Cit\u00e9 de Caract\u00e8re\u00ae<\/em>.<\/p>\n<\/div>\n<\/div><\/div>\n\n\n\n<h2 class=\"wp-block-heading\">Holiday rental in Senones<\/h2>\n\n\n\n<p><\/p>","protected":false},"excerpt":{"rendered":"<p>Location saisonni\u00e8re Senones Profitez pendant votre S\u00e9jour au g\u00eete \u00ab\u00a0chez dd\u00a0\u00bb dans les Vosges et proche de saint Di\u00e9 et de G\u00e9rardmer de visiter la ville de Senones, des visites guid\u00e9es sont accessible via l&rsquo;office du tourisme local. Eglise Saint-Gondelbert\u00c9glise historique au c\u0153ur de Senones, li\u00e9e \u00e0 la fondation monastique et au patrimoine spirituel local, [&hellip;]<\/p>\n","protected":false},"author":1,"featured_media":0,"parent":0,"menu_order":0,"comment_status":"closed","ping_status":"closed","template":"","meta":{"_uag_custom_page_level_css":"","site-sidebar-layout":"default","site-content-layout":"","ast-site-content-layout":"default","site-content-style":"default","site-sidebar-style":"default","ast-global-header-display":"","ast-banner-title-visibility":"","ast-main-header-display":"","ast-hfb-above-header-display":"","ast-hfb-below-header-display":"","ast-hfb-mobile-header-display":"","site-post-title":"","ast-breadcrumbs-content":"","ast-featured-img":"","footer-sml-layout":"","ast-disable-related-posts":"","theme-transparent-header-meta":"","adv-header-id-meta":"","stick-header-meta":"","header-above-stick-meta":"","header-main-stick-meta":"","header-below-stick-meta":"","astra-migrate-meta-layouts":"default","ast-page-background-enabled":"default","ast-page-background-meta":{"desktop":{"background-color":"","background-image":"","background-repeat":"repeat","background-position":"center center","background-size":"auto","background-attachment":"scroll","background-type":"","background-media":"","overlay-type":"","overlay-color":"","overlay-opacity":"","overlay-gradient":""},"tablet":{"background-color":"","background-image":"","background-repeat":"repeat","background-position":"center center","background-size":"auto","background-attachment":"scroll","background-type":"","background-media":"","overlay-type":"","overlay-color":"","overlay-opacity":"","overlay-gradient":""},"mobile":{"background-color":"","background-image":"","background-repeat":"repeat","background-position":"center center","background-size":"auto","background-attachment":"scroll","background-type":"","background-media":"","overlay-type":"","overlay-color":"","overlay-opacity":"","overlay-gradient":""}},"ast-content-background-meta":{"desktop":{"background-color":"var(--ast-global-color-4)","background-image":"","background-repeat":"repeat","background-position":"center center","background-size":"auto","background-attachment":"scroll","background-type":"","background-media":"","overlay-type":"","overlay-color":"","overlay-opacity":"","overlay-gradient":""},"tablet":{"background-color":"var(--ast-global-color-4)","background-image":"","background-repeat":"repeat","background-position":"center center","background-size":"auto","background-attachment":"scroll","background-type":"","background-media":"","overlay-type":"","overlay-color":"","overlay-opacity":"","overlay-gradient":""},"mobile":{"background-color":"var(--ast-global-color-4)","background-image":"","background-repeat":"repeat","background-position":"center center","background-size":"auto","background-attachment":"scroll","background-type":"","background-media":"","overlay-type":"","overlay-color":"","overlay-opacity":"","overlay-gradient":""}},"footnotes":""},"class_list":["post-3869","page","type-page","status-publish","hentry"],"aioseo_notices":[],"uagb_featured_image_src":{"full":false,"thumbnail":false,"medium":false,"medium_large":false,"large":false,"1536x1536":false,"2048x2048":false,"trp-custom-language-flag":false},"uagb_author_info":{"display_name":"christ-ballista@outlook.com","author_link":"https:\/\/gite-senones.com\/en\/author\/christ-ballistaoutlook-com\/"},"uagb_comment_info":0,"uagb_excerpt":"Location saisonni\u00e8re Senones Profitez pendant votre S\u00e9jour au g\u00eete \u00ab\u00a0chez dd\u00a0\u00bb dans les Vosges et proche de saint Di\u00e9 et de G\u00e9rardmer de visiter la ville de Senones, des visites guid\u00e9es sont accessible via l&rsquo;office du tourisme local. Eglise Saint-Gondelbert\u00c9glise historique au c\u0153ur de Senones, li\u00e9e \u00e0 la fondation monastique et au patrimoine spirituel local,&hellip;","_links":{"self":[{"href":"https:\/\/gite-senones.com\/en\/wp-json\/wp\/v2\/pages\/3869","targetHints":{"allow":["GET"]}}],"collection":[{"href":"https:\/\/gite-senones.com\/en\/wp-json\/wp\/v2\/pages"}],"about":[{"href":"https:\/\/gite-senones.com\/en\/wp-json\/wp\/v2\/types\/page"}],"author":[{"embeddable":true,"href":"https:\/\/gite-senones.com\/en\/wp-json\/wp\/v2\/users\/1"}],"replies":[{"embeddable":true,"href":"https:\/\/gite-senones.com\/en\/wp-json\/wp\/v2\/comments?post=3869"}],"version-history":[{"count":6,"href":"https:\/\/gite-senones.com\/en\/wp-json\/wp\/v2\/pages\/3869\/revisions"}],"predecessor-version":[{"id":3941,"href":"https:\/\/gite-senones.com\/en\/wp-json\/wp\/v2\/pages\/3869\/revisions\/3941"}],"wp:attachment":[{"href":"https:\/\/gite-senones.com\/en\/wp-json\/wp\/v2\/media?parent=3869"}],"curies":[{"name":"wp","href":"https:\/\/api.w.org\/{rel}","templated":true}]}}