{"id":3894,"date":"2026-02-05T12:23:09","date_gmt":"2026-02-05T12:23:09","guid":{"rendered":"https:\/\/gite-senones.com\/?page_id=3894"},"modified":"2026-04-10T09:30:20","modified_gmt":"2026-04-10T09:30:20","slug":"a-propos","status":"publish","type":"page","link":"https:\/\/gite-senones.com\/en\/a-propos\/","title":{"rendered":"About us"},"content":{"rendered":"<h3 class=\"wp-block-heading\">Our s<strong>tory<\/strong><\/h3>\n\n\n\n<p>Ten years ago, a couple passionate about nature and tranquility, Andr\u00e9 and C\u00e9dric, decided to leave the city to reconnect with their family roots in the Vosges. They bought three old stone houses that once served as outbuildings of a now-abandoned textile factory, full of charm despite their condition.\n\nAfter several years of renovation, with the help of local craftsmen, the couple now wishes to open the doors of their homes to welcome travelers in search of authenticity, peace, a return to their roots, and a discovery of the Lorraine region\u2019s heritage and local traditions.<\/p>\n\n\n\n<p>Le gite <strong>\u00ab\u00a0chez DD\u00a0\u00bb<\/strong>named as a reference to the diminutive of Andr\u00e9, or for some to \u201cD\u00e9veloppement Durable\u201d (sustainable development), the property is set in a lush, green environment surrounding the estate. It offers carefully decorated guest rooms, where each space reflects a spirit of simplicity and authenticity.\n\nBreakfast will be prepared with local products, and guests will be able to enjoy a garden, an orchard, a swimming pool, and a private terrace, creating a friendly and peaceful atmosphere.\n\nTravelers are also welcome to bring their pets.<\/p>\n\n\n\n<h3 class=\"wp-block-heading\"><strong>Our reception<\/strong><\/h3>\n\n\n\n<p>Guests passing through, whether for a weekend or a holiday, are always welcomed like friends, and many will be able to return year after year. It is in this warm and friendly atmosphere that Andr\u00e9 and C\u00e9dric are making their dream a reality: offering a peaceful and beautiful escape in the heart of the Vosges countryside.<\/p>\n\n\n\n<h3 class=\"wp-block-heading\"><strong>Our activities<\/strong><\/h3>\n\n\n\n<p>Our guests will even have the opportunity to discover fishing techniques, and more specifically trout fishing, along more than 50 km of rivers and five ponds located just five minutes away. They can also explore cycling routes via the bike path from Senones to Saint-Di\u00e9, passing through the Route of the Three Abbeys, or discover the world of beekeeping. Guided visits of the town of Senones are also available, organized by the local tourist office. They will also have the opportunity to learn about beekeeping with our hives on site. In season, they can enjoy making delicious fruit tarts using produce from the orchard, or discover local recipes such as potato pancakes called va\u00fbtes, Lorraine p\u00e2t\u00e9, quiche Lorraine, or even Alsatian specialties like tarte flamb\u00e9e, as well as dishes made with ingredients directly harvested from the garden.<\/p>","protected":false},"excerpt":{"rendered":"<p>Notre histoire Il y a dix ans, un couple de passionn\u00e9s de nature et la tranquillit\u00e9, Andr\u00e9 et C\u00e9dric, ont d\u00e9cid\u00e9 de quitter la ville pour se rapprocher de leurs racines de leur famille, dans las Vosges. Ils ont achet\u00e9 trois vieilles maisons en pierre qui servait de d\u00e9pendance d\u2019une usine de textile, \u00e0 l&rsquo;abandon, [&hellip;]<\/p>\n","protected":false},"author":1,"featured_media":0,"parent":0,"menu_order":0,"comment_status":"closed","ping_status":"closed","template":"","meta":{"_uag_custom_page_level_css":"","site-sidebar-layout":"default","site-content-layout":"","ast-site-content-layout":"default","site-content-style":"default","site-sidebar-style":"default","ast-global-header-display":"","ast-banner-title-visibility":"","ast-main-header-display":"","ast-hfb-above-header-display":"","ast-hfb-below-header-display":"","ast-hfb-mobile-header-display":"","site-post-title":"","ast-breadcrumbs-content":"","ast-featured-img":"","footer-sml-layout":"","ast-disable-related-posts":"","theme-transparent-header-meta":"","adv-header-id-meta":"","stick-header-meta":"","header-above-stick-meta":"","header-main-stick-meta":"","header-below-stick-meta":"","astra-migrate-meta-layouts":"set","ast-page-background-enabled":"default","ast-page-background-meta":{"desktop":{"background-color":"","background-image":"","background-repeat":"repeat","background-position":"center center","background-size":"auto","background-attachment":"scroll","background-type":"","background-media":"","overlay-type":"","overlay-color":"","overlay-opacity":"","overlay-gradient":""},"tablet":{"background-color":"","background-image":"","background-repeat":"repeat","background-position":"center center","background-size":"auto","background-attachment":"scroll","background-type":"","background-media":"","overlay-type":"","overlay-color":"","overlay-opacity":"","overlay-gradient":""},"mobile":{"background-color":"","background-image":"","background-repeat":"repeat","background-position":"center center","background-size":"auto","background-attachment":"scroll","background-type":"","background-media":"","overlay-type":"","overlay-color":"","overlay-opacity":"","overlay-gradient":""}},"ast-content-background-meta":{"desktop":{"background-color":"var(--ast-global-color-4)","background-image":"","background-repeat":"repeat","background-position":"center center","background-size":"auto","background-attachment":"scroll","background-type":"","background-media":"","overlay-type":"","overlay-color":"","overlay-opacity":"","overlay-gradient":""},"tablet":{"background-color":"var(--ast-global-color-4)","background-image":"","background-repeat":"repeat","background-position":"center center","background-size":"auto","background-attachment":"scroll","background-type":"","background-media":"","overlay-type":"","overlay-color":"","overlay-opacity":"","overlay-gradient":""},"mobile":{"background-color":"var(--ast-global-color-4)","background-image":"","background-repeat":"repeat","background-position":"center center","background-size":"auto","background-attachment":"scroll","background-type":"","background-media":"","overlay-type":"","overlay-color":"","overlay-opacity":"","overlay-gradient":""}},"footnotes":""},"class_list":["post-3894","page","type-page","status-publish","hentry"],"aioseo_notices":[],"uagb_featured_image_src":{"full":false,"thumbnail":false,"medium":false,"medium_large":false,"large":false,"1536x1536":false,"2048x2048":false,"trp-custom-language-flag":false},"uagb_author_info":{"display_name":"christ-ballista@outlook.com","author_link":"https:\/\/gite-senones.com\/en\/author\/christ-ballistaoutlook-com\/"},"uagb_comment_info":0,"uagb_excerpt":"Notre histoire Il y a dix ans, un couple de passionn\u00e9s de nature et la tranquillit\u00e9, Andr\u00e9 et C\u00e9dric, ont d\u00e9cid\u00e9 de quitter la ville pour se rapprocher de leurs racines de leur famille, dans las Vosges. Ils ont achet\u00e9 trois vieilles maisons en pierre qui servait de d\u00e9pendance d\u2019une usine de textile, \u00e0 l&rsquo;abandon,&hellip;","_links":{"self":[{"href":"https:\/\/gite-senones.com\/en\/wp-json\/wp\/v2\/pages\/3894","targetHints":{"allow":["GET"]}}],"collection":[{"href":"https:\/\/gite-senones.com\/en\/wp-json\/wp\/v2\/pages"}],"about":[{"href":"https:\/\/gite-senones.com\/en\/wp-json\/wp\/v2\/types\/page"}],"author":[{"embeddable":true,"href":"https:\/\/gite-senones.com\/en\/wp-json\/wp\/v2\/users\/1"}],"replies":[{"embeddable":true,"href":"https:\/\/gite-senones.com\/en\/wp-json\/wp\/v2\/comments?post=3894"}],"version-history":[{"count":4,"href":"https:\/\/gite-senones.com\/en\/wp-json\/wp\/v2\/pages\/3894\/revisions"}],"predecessor-version":[{"id":4216,"href":"https:\/\/gite-senones.com\/en\/wp-json\/wp\/v2\/pages\/3894\/revisions\/4216"}],"wp:attachment":[{"href":"https:\/\/gite-senones.com\/en\/wp-json\/wp\/v2\/media?parent=3894"}],"curies":[{"name":"wp","href":"https:\/\/api.w.org\/{rel}","templated":true}]}}